{"id":4721,"date":"2024-09-30T09:02:36","date_gmt":"2024-09-30T13:02:36","guid":{"rendered":"https:\/\/eps-sdg.ca\/?page_id=4721"},"modified":"2024-09-30T09:06:18","modified_gmt":"2024-09-30T13:06:18","slug":"reconnaissance-territoriale-autochtone","status":"publish","type":"page","link":"https:\/\/eps-sdg.ca\/en\/reconnaissance-territoriale-autochtone\/","title":{"rendered":"Land Acknowledgement"},"content":{"rendered":"<p>L\u2019\u00c9quipe psycho-sociale de SDG gratefully acknowledges the opportunity to operate on the\nunceded ancestral lands of the Mohawk peoples of Akwesasne, and the presence of their\nancestors who have inhabited these territories for generations. We also wish to acknowledge\nthe Algonquin, Haudenosaunee (Ho-den-o-show-nee), Huron-Wendat (Huron-wen-dat) and\nAbenaki peoples.<\/p>\n\n\n\n<p>We are deeply grateful to those who inhabited these lands before the creation of the Canadian\nnation. We recognize the intergenerational trauma and mental health challenges caused by\ncolonization, and the injustices and oppression suffered by Indigenous peoples since its\ninception.<\/p>\n\n\n\n<p>We are committed to better serving the region's First Nations, M\u00e9tis and Inuit communities, promoting reconciliation and healing. In doing so, we recognize that traditional holistic approaches to Indigenous health and wellness have been in place for thousands of years and \ncontinue today. Indigenous family models, based on respect, reciprocity and collective responsibility, also offer us valuable lessons in social cohesion and intergenerational support. They are a source of inspiration for us.<\/p>\n\n\n\n<p>We also stand in solidarity with the missing and murdered Indigenous women, girls, two-spirited and transgendered people and their families.<\/p>\n\n\n\n<p>Finally, we honor the memory of Indigenous children who lost their lives or were mistreated and abused in residential schools, recognizing the intergenerational trauma caused by these institutions. \u201cEvery child matters\u201d.<\/p>\n\n\n\n<p>Nia`: wen<\/p>","protected":false},"excerpt":{"rendered":"<p>L\u2019\u00c9quipe psycho-sociale de SDG exprime sa gratitude pour la possibilit\u00e9 de mener ses activit\u00e9s sur les terres ancestrales non-c\u00e9d\u00e9es des peuples Mohawk d\u2019Akwesasne, ainsi que pour la pr\u00e9sence de leurs anc\u00eatres qui ont habit\u00e9 ces territoires depuis des g\u00e9n\u00e9rations. Nous tenons \u00e9galement \u00e0 reconna\u00eetre les Algonquins, Haudenosaunee (Ho-den-o-sho-ni), Huron-Wendat (Huron-wen-dat) et les Abenaki. Nous sommes [&hellip;]<\/p>\n","protected":false},"author":1,"featured_media":0,"parent":0,"menu_order":0,"comment_status":"closed","ping_status":"closed","template":"","meta":{"_et_pb_use_builder":"","_et_pb_old_content":"","_et_gb_content_width":"","footnotes":""},"class_list":["post-4721","page","type-page","status-publish","hentry"],"_links":{"self":[{"href":"https:\/\/eps-sdg.ca\/en\/wp-json\/wp\/v2\/pages\/4721","targetHints":{"allow":["GET"]}}],"collection":[{"href":"https:\/\/eps-sdg.ca\/en\/wp-json\/wp\/v2\/pages"}],"about":[{"href":"https:\/\/eps-sdg.ca\/en\/wp-json\/wp\/v2\/types\/page"}],"author":[{"embeddable":true,"href":"https:\/\/eps-sdg.ca\/en\/wp-json\/wp\/v2\/users\/1"}],"replies":[{"embeddable":true,"href":"https:\/\/eps-sdg.ca\/en\/wp-json\/wp\/v2\/comments?post=4721"}],"version-history":[{"count":3,"href":"https:\/\/eps-sdg.ca\/en\/wp-json\/wp\/v2\/pages\/4721\/revisions"}],"predecessor-version":[{"id":4725,"href":"https:\/\/eps-sdg.ca\/en\/wp-json\/wp\/v2\/pages\/4721\/revisions\/4725"}],"wp:attachment":[{"href":"https:\/\/eps-sdg.ca\/en\/wp-json\/wp\/v2\/media?parent=4721"}],"curies":[{"name":"wp","href":"https:\/\/api.w.org\/{rel}","templated":true}]}}