{"id":2915,"date":"2021-10-05T11:32:02","date_gmt":"2021-10-05T15:32:02","guid":{"rendered":"https:\/\/eps-sdg.ca\/?page_id=2915"},"modified":"2024-08-07T08:39:48","modified_gmt":"2024-08-07T12:39:48","slug":"centre-on-y-va-personnel-du-centre","status":"publish","type":"page","link":"https:\/\/eps-sdg.ca\/en\/programmes\/centre-on-y-va\/centre-on-y-va-personnel-du-centre\/","title":{"rendered":"Staff"},"content":{"rendered":"<div class=\"wp-block-group is-layout-constrained wp-block-group-is-layout-constrained\">\n<h4 class=\"wp-block-heading\">Gis\u00e8le Rouleau, RECE<\/h4>\n\n\n\n<p>Early Childhood Educator<br><a href=\"mailto:grouleau@eps-sdg.ca\">grouleau@eps-sdg.ca<\/a><br>613-938-2000 extension 289<\/p>\n\n\n\n<p><\/p>\n\n\n\n<hr class=\"wp-block-separator has-css-opacity is-style-wide\"\/>\n<\/div>\n\n\n\n<div class=\"wp-block-group is-layout-constrained wp-block-group-is-layout-constrained\">\n<h4 class=\"wp-block-heading\">Natalie Latulippe, RECE<\/h4>\n\n\n\n<p>Early Childhood Educator<br><a href=\"mailto:nlatulippe@eps-sdg.ca\">nlatulippe@eps-sdg.ca<\/a><br>613-938-2000 extension 289<\/p>\n\n\n\n<p><\/p>\n\n\n\n<hr class=\"wp-block-separator has-css-opacity is-style-wide\"\/>\n<\/div>\n\n\n\n<div class=\"wp-block-group is-layout-constrained wp-block-group-is-layout-constrained\">\n<h4 class=\"wp-block-heading\">Clotilde Hounsa<\/h4>\n\n\n\n<p>Early Childhood Worker (RECE in progress)<br><a href=\"mailto:nlatulippe@eps-sdg.ca\"><\/a><a href=\"mailto:chounsa@eps-sdg.ca\">chounsa@eps-sdg.ca<\/a><br>613-938-2000 extension 289<\/p>\n\n\n\n<p><\/p>\n\n\n\n<hr class=\"wp-block-separator has-css-opacity is-style-wide\"\/>\n<\/div>\n\n\n\n<div class=\"wp-block-group is-layout-constrained wp-block-group-is-layout-constrained\">\n<h4 class=\"wp-block-heading\">Chantal Quesnel<\/h4>\n\n\n\n<p>Program Director<br><a href=\"mailto:nlatulippe@eps-sdg.ca\"><\/a><a href=\"mailto:chounsa@eps-sdg.ca\"><\/a><a href=\"mailto:cquesnel@eps-sdg.ca\">cquesnel@eps-sdg.ca<\/a><br>613-938-2000 extension 287<\/p>\n\n\n\n<p><\/p>\n\n\n\n<hr class=\"wp-block-separator has-css-opacity is-style-wide\"\/>\n<\/div>","protected":false},"excerpt":{"rendered":"<p>Gis\u00e8le Rouleau, EPEI \u00c9ducatrice de la petite enfance inscritegrouleau@eps-sdg.ca613-938-2000 poste 289 Natalie Latulippe, EPEI \u00c9ducatrice de la petite enfance inscritenlatulippe@eps-sdg.ca613-938-2000 poste 289 Clotilde Hounsa Animatrice de la petite enfancechounsa@eps-sdg.ca613-938-2000 poste 289 Chantal Quesnel Directrice de programmecquesnel@eps-sdg.ca613-938-2000 poste 287<\/p>","protected":false},"author":1,"featured_media":4377,"parent":30,"menu_order":0,"comment_status":"closed","ping_status":"closed","template":"","meta":{"_et_pb_use_builder":"","_et_pb_old_content":"","_et_gb_content_width":"","footnotes":""},"class_list":["post-2915","page","type-page","status-publish","has-post-thumbnail","hentry"],"_links":{"self":[{"href":"https:\/\/eps-sdg.ca\/en\/wp-json\/wp\/v2\/pages\/2915","targetHints":{"allow":["GET"]}}],"collection":[{"href":"https:\/\/eps-sdg.ca\/en\/wp-json\/wp\/v2\/pages"}],"about":[{"href":"https:\/\/eps-sdg.ca\/en\/wp-json\/wp\/v2\/types\/page"}],"author":[{"embeddable":true,"href":"https:\/\/eps-sdg.ca\/en\/wp-json\/wp\/v2\/users\/1"}],"replies":[{"embeddable":true,"href":"https:\/\/eps-sdg.ca\/en\/wp-json\/wp\/v2\/comments?post=2915"}],"version-history":[{"count":7,"href":"https:\/\/eps-sdg.ca\/en\/wp-json\/wp\/v2\/pages\/2915\/revisions"}],"predecessor-version":[{"id":4694,"href":"https:\/\/eps-sdg.ca\/en\/wp-json\/wp\/v2\/pages\/2915\/revisions\/4694"}],"up":[{"embeddable":true,"href":"https:\/\/eps-sdg.ca\/en\/wp-json\/wp\/v2\/pages\/30"}],"wp:featuredmedia":[{"embeddable":true,"href":"https:\/\/eps-sdg.ca\/en\/wp-json\/wp\/v2\/media\/4377"}],"wp:attachment":[{"href":"https:\/\/eps-sdg.ca\/en\/wp-json\/wp\/v2\/media?parent=2915"}],"curies":[{"name":"wp","href":"https:\/\/api.w.org\/{rel}","templated":true}]}}