{"id":211,"date":"2021-05-27T15:51:13","date_gmt":"2021-05-27T19:51:13","guid":{"rendered":"https:\/\/eps-sdg.ca\/?page_id=28"},"modified":"2024-02-28T09:13:45","modified_gmt":"2024-02-28T14:13:45","slug":"programme-di-ivt","status":"publish","type":"page","link":"https:\/\/eps-sdg.ca\/en\/programmes\/programme-di-ivt\/","title":{"rendered":"Services for adults with intellectual disabilities"},"content":{"rendered":"<h2 class=\"wp-block-heading\">Mandate and Mission<\/h2>\n\n\n\n<p>The IVT program aims to provide adults with a developmental delay in the S.D.G. region a structured environment that allows them to acquire more independence and social skills.<\/p>\n\n\n\n<p>The purpose of the program is to engage participants to learn the basic rules and behaviors deemed necessary to be able to function minimally in society; socializing with others and the development of independence are privileged.<\/p>\n\n\n\n<p>The goal of the program is to allow each participant to achieve a certain level of social inclusion by identifying goals and having an active participation in the community through community work or activities.<\/p>\n\n\n\n<h2 class=\"wp-block-heading\">Admission Criteria<\/h2>\n\n\n\n<p>The participant must have an intellectual delay as determined by formal assessments.<\/p>\n\n\n\n<p>Participant must be 18 years old and reside in SDG.<\/p>\n\n\n\n<p>The participant must have sufficient mobility to be able to move around (e.g., wheelchair, walker); they must also be able to meet some personal hygiene needs at a minimum.<\/p>\n\n\n\n<h2 class=\"wp-block-heading\">Admission Process<\/h2>\n\n\n\n<p>The access services in the region determine the eligibility of the participant; if the participant is deemed eligible, he is directed to the program.<\/p>\n\n\n\n<p>Access Services inform IVT staff of the participant\u2019s level of functioning and their priority level on the waiting list.<\/p>\n\n\n\n<p>The Program Director receives the participant as well as their parent or guardian for a functional assessment aimed at confirming the participant\u2019s eligibility according to the admission criteria; once the eligibility is confirmed, the admission process can continue.<\/p>\n\n\n\n<p>To register for Developmental Services Ontario (DSO), visit: <a href=\"https:\/\/scsonline.ca\/en\/intake\/application-dsoer\/\">https:\/\/scsonline.ca\/en\/intake\/application-dsoer\/<\/a><\/p>","protected":false},"excerpt":{"rendered":"<p>Mandat et mission Le programme IVT vise \u00e0 offrir aux adultes atteints d\u2019un retard du d\u00e9veloppement dans la r\u00e9gion de S.D.G., un environnement structur\u00e9 qui leur permet d\u2019acqu\u00e9rir plus d\u2019autonomie et d\u2019habilet\u00e9s sociales. Le programme a comme objectif de permettre aux participants d\u2019apprendre les r\u00e8gles de base et les comportements jug\u00e9s n\u00e9cessaires pour pouvoir fonctionner [&hellip;]<\/p>\n","protected":false},"author":1,"featured_media":0,"parent":205,"menu_order":0,"comment_status":"closed","ping_status":"closed","template":"","meta":{"_et_pb_use_builder":"off","_et_pb_old_content":"","_et_gb_content_width":"","footnotes":""},"class_list":["post-211","page","type-page","status-publish","hentry"],"_links":{"self":[{"href":"https:\/\/eps-sdg.ca\/en\/wp-json\/wp\/v2\/pages\/211","targetHints":{"allow":["GET"]}}],"collection":[{"href":"https:\/\/eps-sdg.ca\/en\/wp-json\/wp\/v2\/pages"}],"about":[{"href":"https:\/\/eps-sdg.ca\/en\/wp-json\/wp\/v2\/types\/page"}],"author":[{"embeddable":true,"href":"https:\/\/eps-sdg.ca\/en\/wp-json\/wp\/v2\/users\/1"}],"replies":[{"embeddable":true,"href":"https:\/\/eps-sdg.ca\/en\/wp-json\/wp\/v2\/comments?post=211"}],"version-history":[{"count":2,"href":"https:\/\/eps-sdg.ca\/en\/wp-json\/wp\/v2\/pages\/211\/revisions"}],"predecessor-version":[{"id":4635,"href":"https:\/\/eps-sdg.ca\/en\/wp-json\/wp\/v2\/pages\/211\/revisions\/4635"}],"up":[{"embeddable":true,"href":"https:\/\/eps-sdg.ca\/en\/wp-json\/wp\/v2\/pages\/205"}],"wp:attachment":[{"href":"https:\/\/eps-sdg.ca\/en\/wp-json\/wp\/v2\/media?parent=211"}],"curies":[{"name":"wp","href":"https:\/\/api.w.org\/{rel}","templated":true}]}}