{"id":209,"date":"2021-05-27T15:46:31","date_gmt":"2021-05-27T19:46:31","guid":{"rendered":"https:\/\/eps-sdg.ca\/?page_id=22"},"modified":"2022-12-20T11:45:49","modified_gmt":"2022-12-20T16:45:49","slug":"services-de-sante-mentale-qfp","status":"publish","type":"page","link":"https:\/\/eps-sdg.ca\/en\/programmes\/services-en-sante-mentale\/services-de-sante-mentale-qfp\/","title":{"rendered":"FAQ"},"content":{"rendered":"<h4 class=\"wp-block-heading\">Who can access these services?<\/h4>\n\n\n\n<p>Our mental health services are offered to children ages 0 to 18 and their parents\/caregivers.<\/p>\n\n\n\n<h4 class=\"wp-block-heading\">Are there any costs to your services?<\/h4>\n\n\n\n<p>No. Our services are completely free.<\/p>\n\n\n\n<h4 class=\"wp-block-heading\">Where will the meetings be held?<\/h4>\n\n\n\n<p>Most appointments are held out of our Cornwall and Alexandria offices. We also provide virtual services and support by phone, text and email. Please consult our website for any updates.<\/p>\n\n\n\n<h4 class=\"wp-block-heading\">Who can request services?<\/h4>\n\n\n\n<p>Services can be requested by parents\/legal guardians, health professionals, school personnel, community agencies and by teenagers themselves who are 12 years of age and older. All services are offered on a voluntary basis. <a href=\"\/en\/programmes\/services-en-sante-mentale\/services-de-sante-mentale-faire-une-demande-de-service\/\">Click here to request services.<\/a><\/p>\n\n\n\n<h4 class=\"wp-block-heading\">If I live outside of Stormont, Dundas and Glengarry, can I still access your services?<\/h4>\n\n\n\n<p>Yes.  If you are willing to travel to Cornwall or Alexandria, you may access our services. We also offer remote services through the Zoom virtual platform.<\/p>\n\n\n\n<h4 class=\"wp-block-heading\">What can I expect after requesting services?<\/h4>\n\n\n\n<p>The intake worker is responsible for receiving request for services. The worker must first obtain the youth\u2019s and\/or their parents\u2019 or legal guardians\u2019 consent.  An intake meeting can then be scheduled.  During this meeting, the intake worker will gather pertinent information to better assess the child, youth and\/or families\u2019 needs. They will then be directed to the appropriate services.<\/p>\n\n\n\n<h4 class=\"wp-block-heading\">Can parents get services?<\/h4>\n\n\n\n<p>Yes. L\u2019\u00c9quipe psycho-sociale offers services to parents or legal guardians who want to better understand their child\u2019s mental health needs and to develop effective parenting skills. These services can be offered individually in the office, within the community and\/or at home. They are also offered in group settings. <a href=\"\/en\/programmes\/services-de-sante-mentale\/\">Click here to find the list of groups offered<\/a>.<\/p>\n\n\n\n<h4 class=\"wp-block-heading\">What if I miss my appointment?<\/h4>\n\n\n\n<p>If you need to cancel or postpone an appointment, please notify the worker 24 hours in advance.  If you miss two consecutive appointments without prior notice, the file will be closed.<\/p>","protected":false},"excerpt":{"rendered":"<p>Qui peut obtenir les services? Les services en sant\u00e9 mentale sont offerts aux enfants et adolescents de 0 \u00e0 18 ans et leurs familles. Est-ce qu\u2019il a des co\u00fbts? Non. Nos services sont gratuits. O\u00f9 auront lieu les rencontres? Les rencontres se passent majoritairement aux bureaux de l\u2019\u00c9quipe \u00e0 Cornwall ou \u00e0 Alexandria.&nbsp; Nous offrons [&hellip;]<\/p>\n","protected":false},"author":1,"featured_media":0,"parent":206,"menu_order":0,"comment_status":"closed","ping_status":"closed","template":"","meta":{"_et_pb_use_builder":"off","_et_pb_old_content":"","_et_gb_content_width":"","footnotes":""},"class_list":["post-209","page","type-page","status-publish","hentry"],"_links":{"self":[{"href":"https:\/\/eps-sdg.ca\/en\/wp-json\/wp\/v2\/pages\/209","targetHints":{"allow":["GET"]}}],"collection":[{"href":"https:\/\/eps-sdg.ca\/en\/wp-json\/wp\/v2\/pages"}],"about":[{"href":"https:\/\/eps-sdg.ca\/en\/wp-json\/wp\/v2\/types\/page"}],"author":[{"embeddable":true,"href":"https:\/\/eps-sdg.ca\/en\/wp-json\/wp\/v2\/users\/1"}],"replies":[{"embeddable":true,"href":"https:\/\/eps-sdg.ca\/en\/wp-json\/wp\/v2\/comments?post=209"}],"version-history":[{"count":3,"href":"https:\/\/eps-sdg.ca\/en\/wp-json\/wp\/v2\/pages\/209\/revisions"}],"predecessor-version":[{"id":4293,"href":"https:\/\/eps-sdg.ca\/en\/wp-json\/wp\/v2\/pages\/209\/revisions\/4293"}],"up":[{"embeddable":true,"href":"https:\/\/eps-sdg.ca\/en\/wp-json\/wp\/v2\/pages\/206"}],"wp:attachment":[{"href":"https:\/\/eps-sdg.ca\/en\/wp-json\/wp\/v2\/media?parent=209"}],"curies":[{"name":"wp","href":"https:\/\/api.w.org\/{rel}","templated":true}]}}