{"id":208,"date":"2021-05-27T15:43:31","date_gmt":"2021-05-27T19:43:31","guid":{"rendered":"https:\/\/eps-sdg.ca\/?page_id=20"},"modified":"2024-07-08T09:47:31","modified_gmt":"2024-07-08T13:47:31","slug":"services-de-sante-mentale-calendrier","status":"publish","type":"page","link":"https:\/\/eps-sdg.ca\/en\/programmes\/services-en-sante-mentale\/services-de-sante-mentale-calendrier\/","title":{"rendered":"Calendar"},"content":{"rendered":"<div class=\"wp-block-group is-layout-constrained wp-block-group-is-layout-constrained\">\n<h3 class=\"wp-block-heading\">Services Cliniques<\/h3>\n\n\n\n<p class=\"translation-block\">Join us for the annual Cornwall Police Service open house event for police week.  <a href=\"\/downloads\/CPS_Open_House_2023.pdf\" target=\"_blank\" rel=\"noreferrer noopener\">More information<\/a><\/p>\n<\/div>\n\n\n\n<div class=\"wp-block-group is-layout-constrained wp-block-group-is-layout-constrained\">\n<h3 class=\"wp-block-heading\">Recovery Care Cornwall Mobile Unit Schedule<\/h3>\n\n\n\n<p><a href=\"\/downloads\/RCC_Mobile_Unit_Schedule.pdf\" target=\"_blank\" rel=\"noreferrer noopener\">More Information<\/a><\/p>\n<\/div>\n\n\n\n<h3 class=\"wp-block-heading\">Recovery Day Cornwall<\/h3>\n\n\n\n<p id=\"tw-target-text\"><a rel=\"noreferrer noopener\" href=\"https:\/\/www.facebook.com\/Recovery-Day-Cornwall-110189978475741\/\" data-type=\"URL\" data-id=\"https:\/\/www.facebook.com\/Recovery-Day-Cornwall-110189978475741\/\" target=\"_blank\">More Information<\/a><\/p>\n\n\n\n<h3 class=\"wp-block-heading\">Community Hub and Warming Centre<\/h3>\n\n\n\n<p><a href=\"\/downloads\/CHaWC_Schedule.pdf\" data-type=\"URL\" data-id=\"\/downloads\/CHaWC_Schedule.pdf\" target=\"_blank\" rel=\"noreferrer noopener\">More Information<\/a><\/p>\n\n\n\n<h3 class=\"wp-block-heading\">Youth Wellness Hub<\/h3>\n\n\n\n<ul class=\"wp-block-list\">\n<li><a href=\"https:\/\/eps-sdg.ca\/downloads\/YH-Cornwall-Calendar-EN.pdf\" data-type=\"URL\" data-id=\"\/downloads\/YH-Cornwall-Calendrier-FR.pdf\" target=\"_blank\" rel=\"noreferrer noopener\">Cornwall Calendar<\/a> (<a href=\"https:\/\/youthhubs.ca\/site\/cornwall-sdg-youth-wellness-hub\" data-type=\"URL\" data-id=\"https:\/\/youthhubs.ca\/fr\/sites\/eastern-champlain\/\" target=\"_blank\" rel=\"noreferrer noopener\">Website<\/a>)<\/li>\n\n\n\n<li><a href=\"https:\/\/eps-sdg.ca\/downloads\/YH-Rockland-Calendar-EN.pdf\" data-type=\"URL\" data-id=\"\/downloads\/YH-Rockland-Calendrier-FR.pdf\" target=\"_blank\" rel=\"noreferrer noopener\">Rockland Calendar<\/a> (<a href=\"https:\/\/youthhubs.ca\/site\/rockland-pr-youth-wellness-hub\" data-type=\"URL\" data-id=\"https:\/\/youthhubs.ca\/fr\/sites\/eastern-champlain\/\" target=\"_blank\" rel=\"noreferrer noopener\">Website<\/a>)<\/li>\n<\/ul>\n\n\n\n<h3 class=\"wp-block-heading\">LGBT2SQ Youth Group<\/h3>\n\n\n\n<p>To register for the group, call 613-577-7216.<\/p>\n\n\n\n<p><a href=\"https:\/\/eps-sdg.ca\/downloads\/LGBT2SQ_Youth_Group.png\">Click here for more information.<\/a><\/p>\n\n\n\n<h3 class=\"wp-block-heading\"><a rel=\"noreferrer noopener\" href=\"https:\/\/www.pleo.on.ca\/\" target=\"_blank\">PLEO<\/a>&nbsp;\u2013 Groups for parents\/caregivers<\/h3>\n\n\n\n<p>Every Tuesday from 6:30 to 7:30 pm<br><strong>Support Group for Parents of children to age 12<\/strong><br>Please join us online&nbsp;<a href=\"https:\/\/us02web.zoom.us\/j\/293138126\">via zoom here<\/a>.<\/p>\n\n\n\n<p>Every Wednesday from 6:30 to 7:30 pm<br><strong>Support Group for Parents of children ages 13 \u2013 25<\/strong><br>Please join us online&nbsp;<a href=\"https:\/\/us02web.zoom.us\/j\/83150489909\">via zoom here<\/a>.<\/p>\n\n\n\n<p>Every Thursday from 7:00 to 8:30pm<br><strong>SMART Recovery Family and Friends<\/strong><br>Please join us online&nbsp;<a href=\"https:\/\/us02web.zoom.us\/j\/85109801085\">via zoom here<\/a>.<\/p>","protected":false},"excerpt":{"rendered":"<p>Services Cliniques Rejoignez-nous pour l&rsquo;\u00e9v\u00e9nement portes ouvertes annuel du service de police de cornwall pour la semaine de la police. Plus d&rsquo;information Horaire de l\u2019unit\u00e9 mobile de Recovery Care Cornwall Plus d&rsquo;information Jour de r\u00e9cup\u00e9ration Cornwall Plus d&rsquo;information Centre communautaire et centre de r\u00e9chauffement Plus d&rsquo;information Horaire du carrefour jeunesse LGBT2SQ Youth Group Ce groupe [&hellip;]<\/p>\n","protected":false},"author":1,"featured_media":0,"parent":206,"menu_order":0,"comment_status":"closed","ping_status":"closed","template":"","meta":{"_et_pb_use_builder":"off","_et_pb_old_content":"","_et_gb_content_width":"","footnotes":""},"class_list":["post-208","page","type-page","status-publish","hentry"],"_links":{"self":[{"href":"https:\/\/eps-sdg.ca\/en\/wp-json\/wp\/v2\/pages\/208","targetHints":{"allow":["GET"]}}],"collection":[{"href":"https:\/\/eps-sdg.ca\/en\/wp-json\/wp\/v2\/pages"}],"about":[{"href":"https:\/\/eps-sdg.ca\/en\/wp-json\/wp\/v2\/types\/page"}],"author":[{"embeddable":true,"href":"https:\/\/eps-sdg.ca\/en\/wp-json\/wp\/v2\/users\/1"}],"replies":[{"embeddable":true,"href":"https:\/\/eps-sdg.ca\/en\/wp-json\/wp\/v2\/comments?post=208"}],"version-history":[{"count":22,"href":"https:\/\/eps-sdg.ca\/en\/wp-json\/wp\/v2\/pages\/208\/revisions"}],"predecessor-version":[{"id":4688,"href":"https:\/\/eps-sdg.ca\/en\/wp-json\/wp\/v2\/pages\/208\/revisions\/4688"}],"up":[{"embeddable":true,"href":"https:\/\/eps-sdg.ca\/en\/wp-json\/wp\/v2\/pages\/206"}],"wp:attachment":[{"href":"https:\/\/eps-sdg.ca\/en\/wp-json\/wp\/v2\/media?parent=208"}],"curies":[{"name":"wp","href":"https:\/\/api.w.org\/{rel}","templated":true}]}}