{"id":206,"date":"2021-05-27T15:42:56","date_gmt":"2021-05-27T19:42:56","guid":{"rendered":"https:\/\/eps-sdg.ca\/?page_id=16"},"modified":"2026-02-03T16:28:11","modified_gmt":"2026-02-03T21:28:11","slug":"services-en-sante-mentale","status":"publish","type":"page","link":"https:\/\/eps-sdg.ca\/en\/programmes\/services-en-sante-mentale\/","title":{"rendered":"Mental Health Services"},"content":{"rendered":"<p>The mental health services at l\u2019\u00c9quipe psycho-sociale are community-based services that provide prevention, support, counselling, therapy, consultations, assessments and family coaching for children, youth, and their families. These services are offered by a qualified, bilingual, multidisciplinary team of professionals.<\/p>\n\n\n\n<div style=\"height:100px\" aria-hidden=\"true\" class=\"wp-block-spacer\"><\/div>\n\n\n\n<h2 class=\"wp-block-heading has-text-align-center\">Partenaires financiers du programme<\/h2>\n\n\n\n<div class=\"wp-block-columns is-layout-flex wp-container-core-columns-is-layout-9d6595d7 wp-block-columns-is-layout-flex\">\n<div class=\"wp-block-column is-layout-flow wp-block-column-is-layout-flow\">\n<figure class=\"wp-block-image aligncenter size-full\"><img loading=\"lazy\" decoding=\"async\" width=\"906\" height=\"926\" src=\"https:\/\/eps-sdg.ca\/wp-content\/uploads\/2024\/03\/United-Way-Bil-Logo.jpg\" alt=\"\" class=\"wp-image-4666\" srcset=\"https:\/\/eps-sdg.ca\/wp-content\/uploads\/2024\/03\/United-Way-Bil-Logo.jpg 906w, https:\/\/eps-sdg.ca\/wp-content\/uploads\/2024\/03\/United-Way-Bil-Logo-480x491.jpg 480w\" sizes=\"(min-width: 0px) and (max-width: 480px) 480px, (min-width: 481px) 906px, 100vw\" \/><\/figure>\n<\/div>\n\n\n\n<div class=\"wp-block-column is-layout-flow wp-block-column-is-layout-flow\">\n<figure class=\"wp-block-image aligncenter size-full\"><img decoding=\"async\" src=\"https:\/\/eps-sdg.ca\/wp-content\/uploads\/2024\/03\/OIP-1.jfif\" alt=\"\" class=\"wp-image-4667\"\/><\/figure>\n<\/div>\n<\/div>","protected":false},"excerpt":{"rendered":"<p>Les services en sant\u00e9 mentale pour enfants, adolescents et familles \u00e0 l\u2019\u00c9quipe psycho-sociale sont des services communautaires de pr\u00e9vention, de soutien, d\u2019intervention, de th\u00e9rapie, de counseling, de consultation, d\u2019\u00e9valuation et de counseling familial. Ces services sont offerts par une \u00e9quipe multidisciplinaire de professionnels qualifi\u00e9s et bilingues. Partenaires financiers du programme<\/p>","protected":false},"author":1,"featured_media":4167,"parent":205,"menu_order":0,"comment_status":"closed","ping_status":"closed","template":"","meta":{"_et_pb_use_builder":"off","_et_pb_old_content":"","_et_gb_content_width":"","footnotes":""},"class_list":["post-206","page","type-page","status-publish","has-post-thumbnail","hentry"],"_links":{"self":[{"href":"https:\/\/eps-sdg.ca\/en\/wp-json\/wp\/v2\/pages\/206","targetHints":{"allow":["GET"]}}],"collection":[{"href":"https:\/\/eps-sdg.ca\/en\/wp-json\/wp\/v2\/pages"}],"about":[{"href":"https:\/\/eps-sdg.ca\/en\/wp-json\/wp\/v2\/types\/page"}],"author":[{"embeddable":true,"href":"https:\/\/eps-sdg.ca\/en\/wp-json\/wp\/v2\/users\/1"}],"replies":[{"embeddable":true,"href":"https:\/\/eps-sdg.ca\/en\/wp-json\/wp\/v2\/comments?post=206"}],"version-history":[{"count":4,"href":"https:\/\/eps-sdg.ca\/en\/wp-json\/wp\/v2\/pages\/206\/revisions"}],"predecessor-version":[{"id":4823,"href":"https:\/\/eps-sdg.ca\/en\/wp-json\/wp\/v2\/pages\/206\/revisions\/4823"}],"up":[{"embeddable":true,"href":"https:\/\/eps-sdg.ca\/en\/wp-json\/wp\/v2\/pages\/205"}],"wp:featuredmedia":[{"embeddable":true,"href":"https:\/\/eps-sdg.ca\/en\/wp-json\/wp\/v2\/media\/4167"}],"wp:attachment":[{"href":"https:\/\/eps-sdg.ca\/en\/wp-json\/wp\/v2\/media?parent=206"}],"curies":[{"name":"wp","href":"https:\/\/api.w.org\/{rel}","templated":true}]}}