{"id":1301,"date":"2021-08-24T14:46:00","date_gmt":"2021-08-24T18:46:00","guid":{"rendered":"https:\/\/eps-sdg.ca\/?page_id=1301"},"modified":"2022-12-20T10:14:28","modified_gmt":"2022-12-20T15:14:28","slug":"violence-familiale-nous-joindre","status":"publish","type":"page","link":"https:\/\/eps-sdg.ca\/en\/programmes\/violence-familiale\/violence-familiale-nous-joindre\/","title":{"rendered":"Contact Us"},"content":{"rendered":"<div class=\"wp-block-columns is-layout-flex wp-container-core-columns-is-layout-9d6595d7 wp-block-columns-is-layout-flex\">\n<div class=\"wp-block-column is-layout-flow wp-block-column-is-layout-flow\">\n<p><meta charset=\"utf-8\">610 McConnell Avenue<br>Cornwall, ON K6H 4M1<br>Telephone:&nbsp;<a href=\"tel:6139387112\">613-938-7112<\/a><br>Fax: 613-938-8163<br>Email:&nbsp;<a href=\"mailto:eps@equipepsychosociale.ca\">eps@equipepsychosociale.ca<\/a><\/p>\n<\/div>\n\n\n\n<div class=\"wp-block-column is-layout-flow wp-block-column-is-layout-flow\">\n<h4 class=\"wp-block-heading\"><meta charset=\"utf-8\">Ligne de crise pour femme &#8211; Fem&rsquo;aide<\/h4>\n\n\n\n<p>Telephone:\u00a0<a href=\"tel:6139381881x244\">1-877-336-2433<\/a><\/p>\n<\/div>\n<\/div>","protected":false},"excerpt":{"rendered":"<p>610 avenue McConnellCornwall, ON K6H 4M1T\u00e9l\u00e9phone :&nbsp;613-938-7112T\u00e9l\u00e9copieur : 613-938-8163Courriel :&nbsp;eps@equipepsychosociale.ca Ligne de crise pour femme &#8211; Fem&rsquo;aide T\u00e9l\u00e9phone :\u00a01-877-336-2433<\/p>","protected":false},"author":1,"featured_media":0,"parent":32,"menu_order":0,"comment_status":"closed","ping_status":"closed","template":"","meta":{"_et_pb_use_builder":"","_et_pb_old_content":"","_et_gb_content_width":"","footnotes":""},"class_list":["post-1301","page","type-page","status-publish","hentry"],"_links":{"self":[{"href":"https:\/\/eps-sdg.ca\/en\/wp-json\/wp\/v2\/pages\/1301","targetHints":{"allow":["GET"]}}],"collection":[{"href":"https:\/\/eps-sdg.ca\/en\/wp-json\/wp\/v2\/pages"}],"about":[{"href":"https:\/\/eps-sdg.ca\/en\/wp-json\/wp\/v2\/types\/page"}],"author":[{"embeddable":true,"href":"https:\/\/eps-sdg.ca\/en\/wp-json\/wp\/v2\/users\/1"}],"replies":[{"embeddable":true,"href":"https:\/\/eps-sdg.ca\/en\/wp-json\/wp\/v2\/comments?post=1301"}],"version-history":[{"count":2,"href":"https:\/\/eps-sdg.ca\/en\/wp-json\/wp\/v2\/pages\/1301\/revisions"}],"predecessor-version":[{"id":4228,"href":"https:\/\/eps-sdg.ca\/en\/wp-json\/wp\/v2\/pages\/1301\/revisions\/4228"}],"up":[{"embeddable":true,"href":"https:\/\/eps-sdg.ca\/en\/wp-json\/wp\/v2\/pages\/32"}],"wp:attachment":[{"href":"https:\/\/eps-sdg.ca\/en\/wp-json\/wp\/v2\/media?parent=1301"}],"curies":[{"name":"wp","href":"https:\/\/api.w.org\/{rel}","templated":true}]}}