{"id":1299,"date":"2021-08-24T14:42:19","date_gmt":"2021-08-24T18:42:19","guid":{"rendered":"https:\/\/eps-sdg.ca\/?page_id=1299"},"modified":"2023-09-19T13:19:43","modified_gmt":"2023-09-19T17:19:43","slug":"violence-familiale-programmesetservices","status":"publish","type":"page","link":"https:\/\/eps-sdg.ca\/en\/programmes\/violence-familiale\/violence-familiale-programmesetservices\/","title":{"rendered":"Programs and Services"},"content":{"rendered":"<h2 class=\"wp-block-heading\">Programs and Services for Women*<\/h2>\n\n\n\n<h4 class=\"wp-block-heading\">Individual Counselling Services:<\/h4>\n\n\n\n<p>Services are available to Francophone women* aged 16 or older who have identified themselves as having been victims or survivors of violence. Services are offered face-to-face, by video conference or by telephone.<\/p>\n\n\n\n<h4 class=\"wp-block-heading\">Caf\u00e9 Causerie (Coffee-Chat):<\/h4>\n\n\n\n<p>This service brings together women* aged 16 and over affected by violence. This support group meets once a month for 10 consecutive months.<\/p>\n\n\n\n<p><strong>Themes:<\/strong>&nbsp;healthy relationships, the impact of violence, safety, stress, resiliency, and self-esteem among others.<\/p>\n\n\n\n<figure class=\"wp-block-image aligncenter size-full\"><img loading=\"lazy\" decoding=\"async\" width=\"764\" height=\"1024\" src=\"https:\/\/eps-sdg.ca\/wp-content\/uploads\/2023\/09\/cafe-causerie-affiche-2023.png\" alt=\"\" class=\"wp-image-4590\" srcset=\"https:\/\/eps-sdg.ca\/wp-content\/uploads\/2023\/09\/cafe-causerie-affiche-2023.png 764w, https:\/\/eps-sdg.ca\/wp-content\/uploads\/2023\/09\/cafe-causerie-affiche-2023-480x643.png 480w\" sizes=\"(min-width: 0px) and (max-width: 480px) 480px, (min-width: 481px) 764px, 100vw\" \/><\/figure>\n\n\n\n<h2 class=\"wp-block-heading\">Services to help children who witnessed violence <\/h2>\n\n\n\n<h4 class=\"wp-block-heading\">Individual or group counselling for children:<\/h4>\n\n\n\n<p>The program is aimed for Francophone children and adolescents aged 4 to 16 who have\nwitnessed or who are or have been exposed to domestic violence. This program is 8 to 10\nsessions.<\/p>\n\n\n\n<p><strong>Themes:<\/strong>&nbsp;Family violence, safety, coping with change, healthy relationships, managing emotions, problem-solving, and self-esteem.<\/p>\n\n\n\n<h4 class=\"wp-block-heading\">Individual or group counselling for mothers:<\/h4>\n\n\n\n<p>The program is aimed at mothers who have experienced domestic violence. This service is offered simultaneously with the children\u2019s program to better support them. <\/p>\n\n\n\n<h2 class=\"wp-block-heading\">Mothers in Mind Program<\/h2>\n\n\n\n<h4 class=\"wp-block-heading\">A group for mothers and their children:<\/h4>\n\n\n\n<p>Le programme s\u2019adresse aux m\u00e8res et \u00e0 leurs enfants \u00e2g\u00e9s de moins de 4 ans pour une dur\u00e9e de 10 semaines. <\/p>\n\n\n\n<p><strong>Objectives: <\/strong><\/p>\n\n\n\n<ul class=\"wp-block-list\">\n<li>Provide mothers with the opportunity to access trauma-informed parenting information, while connecting with other mothers who have also had hurtful experiences in their lives. <\/li>\n\n\n\n<li>Strengthen mother\u2019s self-care, self-compassion, and stress management skills in relation to parenting. <\/li>\n\n\n\n<li>Support the mother-child relationship through enhancing mothers\u2019 sensitivity and responsiveness to her child and strengthening feelings of parent self-efficacy. <\/li>\n<\/ul>\n\n\n\n<p><strong>Themes:<\/strong>&nbsp;Feelings, stress management, child development, security, attachment, child temperament, self-esteem, and self-care.<\/p>\n\n\n\n<h2 class=\"wp-block-heading\">Service Request Process<\/h2>\n\n\n\n<ul class=\"wp-block-list\">\n<li>We accept requests online, by email, by phone or by fax.<\/li>\n\n\n\n<li>Subsequently, a worker will contact you as soon as possible to set an appointment in order to complete the process and clearly identify your needs. <\/li>\n<\/ul>\n\n\n\n<p>All services are free and provided by volunteers.<\/p>\n\n\n\n<p><a href=\"\/en\/programmes\/violence-familiale\/faire-une-demande\/\" data-type=\"URL\" data-id=\"\/programmes\/violence-familiale\/faire-une-demande\/\">Reference Form<\/a><\/p>","protected":false},"excerpt":{"rendered":"<p>Programmes et services pour les femmes* Services de counseling&nbsp;individuel: Les services sont offerts aux femmes* francophones \u00e2g\u00e9es de 16 ans ou plus qui se sont identifi\u00e9es comme ayant \u00e9t\u00e9 victimes ou cibles de violence. Les services sont offerts face \u00e0 face, par vid\u00e9o conf\u00e9rence ou par t\u00e9l\u00e9phone. Caf\u00e9 causerie (groupe): Ce service regroupe des femmes* [&hellip;]<\/p>\n","protected":false},"author":1,"featured_media":0,"parent":32,"menu_order":0,"comment_status":"closed","ping_status":"closed","template":"","meta":{"_et_pb_use_builder":"","_et_pb_old_content":"","_et_gb_content_width":"","footnotes":""},"class_list":["post-1299","page","type-page","status-publish","hentry"],"_links":{"self":[{"href":"https:\/\/eps-sdg.ca\/en\/wp-json\/wp\/v2\/pages\/1299","targetHints":{"allow":["GET"]}}],"collection":[{"href":"https:\/\/eps-sdg.ca\/en\/wp-json\/wp\/v2\/pages"}],"about":[{"href":"https:\/\/eps-sdg.ca\/en\/wp-json\/wp\/v2\/types\/page"}],"author":[{"embeddable":true,"href":"https:\/\/eps-sdg.ca\/en\/wp-json\/wp\/v2\/users\/1"}],"replies":[{"embeddable":true,"href":"https:\/\/eps-sdg.ca\/en\/wp-json\/wp\/v2\/comments?post=1299"}],"version-history":[{"count":8,"href":"https:\/\/eps-sdg.ca\/en\/wp-json\/wp\/v2\/pages\/1299\/revisions"}],"predecessor-version":[{"id":4592,"href":"https:\/\/eps-sdg.ca\/en\/wp-json\/wp\/v2\/pages\/1299\/revisions\/4592"}],"up":[{"embeddable":true,"href":"https:\/\/eps-sdg.ca\/en\/wp-json\/wp\/v2\/pages\/32"}],"wp:attachment":[{"href":"https:\/\/eps-sdg.ca\/en\/wp-json\/wp\/v2\/media?parent=1299"}],"curies":[{"name":"wp","href":"https:\/\/api.w.org\/{rel}","templated":true}]}}