{"id":1295,"date":"2021-08-24T14:30:14","date_gmt":"2021-08-24T18:30:14","guid":{"rendered":"https:\/\/eps-sdg.ca\/?page_id=1295"},"modified":"2022-12-21T15:15:26","modified_gmt":"2022-12-21T20:15:26","slug":"centre-on-y-va-nous-joindre","status":"publish","type":"page","link":"https:\/\/eps-sdg.ca\/en\/programmes\/centre-on-y-va\/centre-on-y-va-nous-joindre\/","title":{"rendered":"Contact Us"},"content":{"rendered":"<h4 class=\"wp-block-heading\"><strong>Head Office:<\/strong><\/h4>\n\n\n\n<p>610 McConnell Avenue<br>Cornwall, ON K6H 4M1<br>Telephone:&nbsp;<a href=\"tel:6139382000\">613-938-2000<\/a><br>Fax: 613-938-8465 <br>Email: <a href=\"mailto:info@eps-sdg.ca\">info@eps-sdg.ca<\/a><\/p>","protected":false},"excerpt":{"rendered":"<p>Bureau chef : 610 avenue McConnellCornwall, ON K6H 4M1T\u00e9l\u00e9phone :&nbsp;613-938-2000T\u00e9l\u00e9copieur : 613-938-8465 Courriel : info@eps-sdg.ca<\/p>","protected":false},"author":1,"featured_media":4377,"parent":30,"menu_order":0,"comment_status":"closed","ping_status":"closed","template":"","meta":{"_et_pb_use_builder":"","_et_pb_old_content":"","_et_gb_content_width":"","footnotes":""},"class_list":["post-1295","page","type-page","status-publish","has-post-thumbnail","hentry"],"_links":{"self":[{"href":"https:\/\/eps-sdg.ca\/en\/wp-json\/wp\/v2\/pages\/1295","targetHints":{"allow":["GET"]}}],"collection":[{"href":"https:\/\/eps-sdg.ca\/en\/wp-json\/wp\/v2\/pages"}],"about":[{"href":"https:\/\/eps-sdg.ca\/en\/wp-json\/wp\/v2\/types\/page"}],"author":[{"embeddable":true,"href":"https:\/\/eps-sdg.ca\/en\/wp-json\/wp\/v2\/users\/1"}],"replies":[{"embeddable":true,"href":"https:\/\/eps-sdg.ca\/en\/wp-json\/wp\/v2\/comments?post=1295"}],"version-history":[{"count":6,"href":"https:\/\/eps-sdg.ca\/en\/wp-json\/wp\/v2\/pages\/1295\/revisions"}],"predecessor-version":[{"id":4376,"href":"https:\/\/eps-sdg.ca\/en\/wp-json\/wp\/v2\/pages\/1295\/revisions\/4376"}],"up":[{"embeddable":true,"href":"https:\/\/eps-sdg.ca\/en\/wp-json\/wp\/v2\/pages\/30"}],"wp:featuredmedia":[{"embeddable":true,"href":"https:\/\/eps-sdg.ca\/en\/wp-json\/wp\/v2\/media\/4377"}],"wp:attachment":[{"href":"https:\/\/eps-sdg.ca\/en\/wp-json\/wp\/v2\/media?parent=1295"}],"curies":[{"name":"wp","href":"https:\/\/api.w.org\/{rel}","templated":true}]}}