{"id":1291,"date":"2021-08-24T14:26:27","date_gmt":"2021-08-24T18:26:27","guid":{"rendered":"https:\/\/eps-sdg.ca\/?page_id=1291"},"modified":"2022-12-21T15:14:37","modified_gmt":"2022-12-21T20:14:37","slug":"centre-on-y-va-informations-importantes","status":"publish","type":"page","link":"https:\/\/eps-sdg.ca\/en\/programmes\/centre-on-y-va\/centre-on-y-va-informations-importantes\/","title":{"rendered":"Important Information"},"content":{"rendered":"<p>D\u00e8s le 1er&nbsp;avril, le centre ON y va n\u2019exigera plus l\u2019inscription pour les groupes d\u2019apprentissage par le jeu.&nbsp; L\u2019inscription sera requise pour la programmation virtuelle.<\/p>\n\n\n\n<p>Employees and participants are required to monitor their own health and stay home when sick. When you are welcomed at the center, we will ask you each day how you and your child are feeling before entering.<\/p>\n\n\n\n<p>Masks will no longer be required, but everyone is encouraged to continue wearing them if they wish. We ask everyone to respect the choices people make for their individual family circumstances.<\/p>\n\n\n\n<p>You will need to continue to self-screen your child and family members every day at <a rel=\"noreferrer noopener\" href=\"https:\/\/covid-19.ontario.ca\/school-screening\/\" target=\"_blank\">https:\/\/covid-19.ontario.ca\/school-screening\/<\/a>&nbsp;, but daily email confirmation of screening will no longer be required.<\/p>\n\n\n\n<p>We will continue to encourage frequent hand washing, regular sanitization of supplies and surfaces, and offer outdoor play-learning groups.<\/p>\n\n\n\n<p>See details of the Ministry of Health announcement at <a href=\"https:\/\/www.ontario.ca\/page\/living-and-managing-covid-19-march-9-2022\">https:\/\/www.ontario.ca\/page\/living-and-managing-covid-19-march-9-2022<\/a><\/p>\n\n\n\n<hr class=\"wp-block-separator has-css-opacity\"\/>\n\n\n\n<p>The Center offers virtual and face-to-face programming. Check our <a href=\"https:\/\/www.facebook.com\/CentreONyvafrancophonedeSDG\/\">Facebook <\/a>for updates.<\/p>","protected":false},"excerpt":{"rendered":"<p>D\u00e8s le 1er&nbsp;avril, le centre ON y va n\u2019exigera plus l\u2019inscription pour les groupes d\u2019apprentissage par le jeu.&nbsp; L\u2019inscription sera requise pour la programmation virtuelle. Les employ\u00e9es ainsi que les participants sont tenus de surveiller leur propre sant\u00e9 et de rester \u00e0 la maison lorsque malades.&nbsp; Lors de votre accueil au centre, nous vous demanderons [&hellip;]<\/p>\n","protected":false},"author":1,"featured_media":4377,"parent":30,"menu_order":0,"comment_status":"closed","ping_status":"closed","template":"","meta":{"_et_pb_use_builder":"","_et_pb_old_content":"","_et_gb_content_width":"","footnotes":""},"class_list":["post-1291","page","type-page","status-publish","has-post-thumbnail","hentry"],"_links":{"self":[{"href":"https:\/\/eps-sdg.ca\/en\/wp-json\/wp\/v2\/pages\/1291","targetHints":{"allow":["GET"]}}],"collection":[{"href":"https:\/\/eps-sdg.ca\/en\/wp-json\/wp\/v2\/pages"}],"about":[{"href":"https:\/\/eps-sdg.ca\/en\/wp-json\/wp\/v2\/types\/page"}],"author":[{"embeddable":true,"href":"https:\/\/eps-sdg.ca\/en\/wp-json\/wp\/v2\/users\/1"}],"replies":[{"embeddable":true,"href":"https:\/\/eps-sdg.ca\/en\/wp-json\/wp\/v2\/comments?post=1291"}],"version-history":[{"count":2,"href":"https:\/\/eps-sdg.ca\/en\/wp-json\/wp\/v2\/pages\/1291\/revisions"}],"predecessor-version":[{"id":4375,"href":"https:\/\/eps-sdg.ca\/en\/wp-json\/wp\/v2\/pages\/1291\/revisions\/4375"}],"up":[{"embeddable":true,"href":"https:\/\/eps-sdg.ca\/en\/wp-json\/wp\/v2\/pages\/30"}],"wp:featuredmedia":[{"embeddable":true,"href":"https:\/\/eps-sdg.ca\/en\/wp-json\/wp\/v2\/media\/4377"}],"wp:attachment":[{"href":"https:\/\/eps-sdg.ca\/en\/wp-json\/wp\/v2\/media?parent=1291"}],"curies":[{"name":"wp","href":"https:\/\/api.w.org\/{rel}","templated":true}]}}