{"id":1288,"date":"2021-08-24T14:24:22","date_gmt":"2021-08-24T18:24:22","guid":{"rendered":"https:\/\/eps-sdg.ca\/?page_id=1288"},"modified":"2024-10-01T11:26:24","modified_gmt":"2024-10-01T15:26:24","slug":"nous-joindre","status":"publish","type":"page","link":"https:\/\/eps-sdg.ca\/en\/nous-joindre\/","title":{"rendered":"Contact Us"},"content":{"rendered":"<div class=\"wp-block-columns is-layout-flex wp-container-core-columns-is-layout-9d6595d7 wp-block-columns-is-layout-flex\">\n<div class=\"wp-block-column is-layout-flow wp-block-column-is-layout-flow\">\n<h4 class=\"wp-block-heading\"><strong>Cornwall Office<\/strong><\/h4>\n\n\n\n<p>610 McConnell Avenue<br>Cornwall, ON K6H 4M1<\/p>\n\n\n\n<p>Telephone:\u00a0<a href=\"tel:613-938-7112\">613-938-7112<\/a><br>Fax: 613-938-8163<\/p>\n\n\n\n<p><a href=\"mailto:eps@eps-sdg.ca\" target=\"_blank\" rel=\"noreferrer noopener\">eps@eps-sdg.ca<\/a><\/p>\n<\/div>\n\n\n\n<div class=\"wp-block-column is-layout-flow wp-block-column-is-layout-flow\">\n<h4 class=\"wp-block-heading\"><strong>Alexandria Office<\/strong><\/h4>\n\n\n\n<p>110 Main Street<br>Alexandria, ON K0C 1A0<\/p>\n\n\n\n<p>Telephone: <a href=\"tel:6135253952\" data-type=\"tel\" data-id=\"tel:6135253952\">613-525-3952<\/a><br>Fax: 613-525-3612<br><br><a href=\"mailto:eps@eps-sdg.ca\" target=\"_blank\" rel=\"noreferrer noopener\">eps@eps-sdg.ca<\/a><\/p>\n<\/div>\n<\/div>","protected":false},"excerpt":{"rendered":"<p>Bureau de Cornwall 610 avenue McConnellCornwall, ON K6H 4M1 T\u00e9l\u00e9phone :\u00a0613-938-7112T\u00e9l\u00e9copieur : 613-938-8163 eps@eps-sdg.ca Bureau d\u2019Alexandria 110 rue MainAlexandria, ON K0C 1A0 T\u00e9l\u00e9phone : 613-525-3952T\u00e9l\u00e9copieur : 613-525-3612 eps@eps-sdg.ca<\/p>","protected":false},"author":1,"featured_media":0,"parent":0,"menu_order":0,"comment_status":"closed","ping_status":"closed","template":"","meta":{"_et_pb_use_builder":"","_et_pb_old_content":"","_et_gb_content_width":"","footnotes":""},"class_list":["post-1288","page","type-page","status-publish","hentry"],"_links":{"self":[{"href":"https:\/\/eps-sdg.ca\/en\/wp-json\/wp\/v2\/pages\/1288","targetHints":{"allow":["GET"]}}],"collection":[{"href":"https:\/\/eps-sdg.ca\/en\/wp-json\/wp\/v2\/pages"}],"about":[{"href":"https:\/\/eps-sdg.ca\/en\/wp-json\/wp\/v2\/types\/page"}],"author":[{"embeddable":true,"href":"https:\/\/eps-sdg.ca\/en\/wp-json\/wp\/v2\/users\/1"}],"replies":[{"embeddable":true,"href":"https:\/\/eps-sdg.ca\/en\/wp-json\/wp\/v2\/comments?post=1288"}],"version-history":[{"count":4,"href":"https:\/\/eps-sdg.ca\/en\/wp-json\/wp\/v2\/pages\/1288\/revisions"}],"predecessor-version":[{"id":4730,"href":"https:\/\/eps-sdg.ca\/en\/wp-json\/wp\/v2\/pages\/1288\/revisions\/4730"}],"wp:attachment":[{"href":"https:\/\/eps-sdg.ca\/en\/wp-json\/wp\/v2\/media?parent=1288"}],"curies":[{"name":"wp","href":"https:\/\/api.w.org\/{rel}","templated":true}]}}