{"id":1216,"date":"2021-08-23T14:47:54","date_gmt":"2021-08-23T18:47:54","guid":{"rendered":"https:\/\/eps-sdg.ca\/?page_id=1216"},"modified":"2022-12-20T10:54:50","modified_gmt":"2022-12-20T15:54:50","slug":"programme-di-ivt-nous-joindre","status":"publish","type":"page","link":"https:\/\/eps-sdg.ca\/en\/programmes\/programme-di-ivt\/programme-di-ivt-nous-joindre\/","title":{"rendered":"Contact Us"},"content":{"rendered":"<div class=\"wp-block-columns is-layout-flex wp-container-core-columns-is-layout-9d6595d7 wp-block-columns-is-layout-flex\">\n<div class=\"wp-block-column is-layout-flow wp-block-column-is-layout-flow\">\n<p>610 McConnell Avenue<br>Cornwall, ON K6H 4M1<br>Telephone:&nbsp;<a href=\"tel:6139381881\">613-938-1881<\/a><br>Fax: 613-938-8163<\/p>\n<\/div>\n<\/div>","protected":false},"excerpt":{"rendered":"<p>610 avenue McConnellCornwall, ON K6H 4M1T\u00e9l\u00e9phone :&nbsp;613-938-1881T\u00e9l\u00e9copieur : 613-938-8163<\/p>","protected":false},"author":1,"featured_media":0,"parent":211,"menu_order":0,"comment_status":"closed","ping_status":"closed","template":"","meta":{"_et_pb_use_builder":"","_et_pb_old_content":"","_et_gb_content_width":"","footnotes":""},"class_list":["post-1216","page","type-page","status-publish","hentry"],"_links":{"self":[{"href":"https:\/\/eps-sdg.ca\/en\/wp-json\/wp\/v2\/pages\/1216","targetHints":{"allow":["GET"]}}],"collection":[{"href":"https:\/\/eps-sdg.ca\/en\/wp-json\/wp\/v2\/pages"}],"about":[{"href":"https:\/\/eps-sdg.ca\/en\/wp-json\/wp\/v2\/types\/page"}],"author":[{"embeddable":true,"href":"https:\/\/eps-sdg.ca\/en\/wp-json\/wp\/v2\/users\/1"}],"replies":[{"embeddable":true,"href":"https:\/\/eps-sdg.ca\/en\/wp-json\/wp\/v2\/comments?post=1216"}],"version-history":[{"count":1,"href":"https:\/\/eps-sdg.ca\/en\/wp-json\/wp\/v2\/pages\/1216\/revisions"}],"predecessor-version":[{"id":4285,"href":"https:\/\/eps-sdg.ca\/en\/wp-json\/wp\/v2\/pages\/1216\/revisions\/4285"}],"up":[{"embeddable":true,"href":"https:\/\/eps-sdg.ca\/en\/wp-json\/wp\/v2\/pages\/211"}],"wp:attachment":[{"href":"https:\/\/eps-sdg.ca\/en\/wp-json\/wp\/v2\/media?parent=1216"}],"curies":[{"name":"wp","href":"https:\/\/api.w.org\/{rel}","templated":true}]}}