{"id":1214,"date":"2021-08-23T14:45:04","date_gmt":"2021-08-23T18:45:04","guid":{"rendered":"https:\/\/eps-sdg.ca\/?page_id=1214"},"modified":"2022-12-20T10:40:49","modified_gmt":"2022-12-20T15:40:49","slug":"programme-di-ivt-informations-importantes","status":"publish","type":"page","link":"https:\/\/eps-sdg.ca\/en\/programmes\/programme-di-ivt\/programme-di-ivt-informations-importantes\/","title":{"rendered":"Important Information"},"content":{"rendered":"<h3 class=\"wp-block-heading\">Program Closure\/Bad Weather Days<\/h3>\n\n\n\n<p>The participant\u2019s safety is our priority, when school transportation is canceled, the program is closed.<\/p>\n\n\n\n<p>For any cancellation:<\/p>\n\n\n\n<ul class=\"wp-block-list\">\n<li>Eastern School Transportation Consortium, <a href=\"https:\/\/www.ctse.ca\" target=\"_blank\" rel=\"noreferrer noopener\">www.ctse.ca<\/a><\/li>\n\n\n\n<li>Fresh Radio 104.5 FM<\/li>\n\n\n\n<li>CHOD 92.1 FM<\/li>\n\n\n\n<li>Our <a rel=\"noreferrer noopener\" href=\"https:\/\/www.facebook.com\/Initiation-%C3%A0-la-vie-136816750161668\" target=\"_blank\">Facebook<\/a><\/li>\n<\/ul>\n\n\n\n<p>We make sure all cancellations are announced by 7:00 am<\/p>","protected":false},"excerpt":{"rendered":"<p>Fermeture du programme\/journ\u00e9es d\u2019intemp\u00e9ries La s\u00e9curit\u00e9 des participants est notre priorit\u00e9, lorsque le transport scolaire est annul\u00e9, le programme est ferm\u00e9. Pour toute annulation de transport : Nous nous assurons que toute annulation est annonc\u00e9e par 7 :00 am<\/p>","protected":false},"author":1,"featured_media":0,"parent":211,"menu_order":0,"comment_status":"closed","ping_status":"closed","template":"","meta":{"_et_pb_use_builder":"","_et_pb_old_content":"","_et_gb_content_width":"","footnotes":""},"class_list":["post-1214","page","type-page","status-publish","hentry"],"_links":{"self":[{"href":"https:\/\/eps-sdg.ca\/en\/wp-json\/wp\/v2\/pages\/1214","targetHints":{"allow":["GET"]}}],"collection":[{"href":"https:\/\/eps-sdg.ca\/en\/wp-json\/wp\/v2\/pages"}],"about":[{"href":"https:\/\/eps-sdg.ca\/en\/wp-json\/wp\/v2\/types\/page"}],"author":[{"embeddable":true,"href":"https:\/\/eps-sdg.ca\/en\/wp-json\/wp\/v2\/users\/1"}],"replies":[{"embeddable":true,"href":"https:\/\/eps-sdg.ca\/en\/wp-json\/wp\/v2\/comments?post=1214"}],"version-history":[{"count":2,"href":"https:\/\/eps-sdg.ca\/en\/wp-json\/wp\/v2\/pages\/1214\/revisions"}],"predecessor-version":[{"id":4247,"href":"https:\/\/eps-sdg.ca\/en\/wp-json\/wp\/v2\/pages\/1214\/revisions\/4247"}],"up":[{"embeddable":true,"href":"https:\/\/eps-sdg.ca\/en\/wp-json\/wp\/v2\/pages\/211"}],"wp:attachment":[{"href":"https:\/\/eps-sdg.ca\/en\/wp-json\/wp\/v2\/media?parent=1214"}],"curies":[{"name":"wp","href":"https:\/\/api.w.org\/{rel}","templated":true}]}}