{"id":1113,"date":"2021-06-03T15:25:14","date_gmt":"2021-06-03T19:25:14","guid":{"rendered":"https:\/\/eps-sdg.ca\/?page_id=1113"},"modified":"2025-03-04T12:08:15","modified_gmt":"2025-03-04T17:08:15","slug":"services-de-sante-mentale-ressources","status":"publish","type":"page","link":"https:\/\/eps-sdg.ca\/en\/programmes\/services-en-sante-mentale\/services-de-sante-mentale-ressources\/","title":{"rendered":"Resources"},"content":{"rendered":"<h3 class=\"wp-block-heading\">Support For Children and Youth<\/h3>\n\n\n\n<ul class=\"wp-block-list\">\n<li><a href=\"https:\/\/kidshelpphone.ca\" target=\"_blank\" rel=\"noreferrer noopener\">Kids Help Phone<\/a><\/li>\n\n\n\n<li><a href=\"https:\/\/ottawa.cmha.ca\/document-category\/mental-health\/\" target=\"_blank\" rel=\"noreferrer noopener\">Canadian Mental Health Association<\/a><\/li>\n\n\n\n<li><a href=\"https:\/\/cmho.org\/resources\/\" target=\"_blank\" rel=\"noreferrer noopener\">Resources \u2013 Children\u2019s Mental Health Ontario (cmho.org)<\/a><\/li>\n\n\n\n<li><a href=\"https:\/\/malistemasante.ca\/stormont-dundas-glengarry\/\" target=\"_blank\" rel=\"noreferrer noopener\">Ma Liste, Ma Sante &#8211; Stormont, Dundas et Glengarry<\/a><\/li>\n\n\n\n<li><a href=\"http:\/\/www.reachoutnow.ca\" target=\"_blank\" rel=\"noreferrer noopener\">reachoutnow.ca<\/a><\/li>\n\n\n\n<li><a href=\"https:\/\/embracecaregivers.com\/en\/main-homepage\/young-carers\/\">Changing CARE<\/a><\/li>\n\n\n\n<li><a rel=\"noreferrer noopener\" href=\"https:\/\/thecommonwell.ca\/locations\/your-brain-on-food\/\" target=\"_blank\">Your Brain on Food<\/a><\/li>\n<\/ul>\n\n\n\n<h3 class=\"wp-block-heading\">Tip Sheets for Children and Youth<\/h3>\n\n\n\n<ul class=\"wp-block-list\">\n<li><a rel=\"noreferrer noopener\" href=\"\/downloads\/agressivite_et_discipline_pdf_1_pdf_2.pdf\" target=\"_blank\">Agressivit\u00e9 et discipline (PDF)<\/a><\/li>\n\n\n\n<li><a href=\"\/downloads\/anxiete_1.pdf\" target=\"_blank\" rel=\"noreferrer noopener\">Anxi\u00e9t\u00e9 (PDF)<\/a><\/li>\n\n\n\n<li><a href=\"\/downloads\/abus_et_drogue_mgl_pdf_2.pdf\" target=\"_blank\" rel=\"noreferrer noopener\">Drogues (PDF)<\/a><\/li>\n\n\n\n<li><a href=\"\/downloads\/image_corporelle_et_troubles_alimentaires_1_rev_mgl.pdf\" target=\"_blank\" rel=\"noreferrer noopener\">Ressources sur les troubles alimentaires (PDF)<\/a><\/li>\n\n\n\n<li><a href=\"\/downloads\/12796_Bullying_EN.pdf\" target=\"_blank\" rel=\"noreferrer noopener\">Bullying (PDF)<\/a><\/li>\n\n\n\n<li><a href=\"\/downloads\/relations_intimes_saines_pdf_1.pdf\" target=\"_blank\" rel=\"noreferrer noopener\">Ressources sur les relations intimes saines (PDF)<\/a><\/li>\n\n\n\n<li><a href=\"\/downloads\/ressources_regionales_pour_la_sante_mentale_rev_mgl_f.pdf\" target=\"_blank\" rel=\"noreferrer noopener\">Liste de ressources pour la sant\u00e9 mentale (PDF)<\/a><\/li>\n\n\n\n<li><a href=\"\/downloads\/stress_chez_les_enfants_et_les_adolescents.pdf\" target=\"_blank\" rel=\"noreferrer noopener\">Ressources sur le stress chez les enfants et les adolescents (PDF)<\/a><\/li>\n\n\n\n<li><a href=\"\/downloads\/suicide_pdf_2.pdf\" target=\"_blank\" rel=\"noreferrer noopener\">Ressources sur le suicide (PDF)<\/a><\/li>\n\n\n\n<li><a href=\"https:\/\/youthhubs.ca\/en\/sites\/eastern-champlain\/\" target=\"_blank\" rel=\"noreferrer noopener\">youthhubs.ca \u2013 Eastern Champlain<\/a><\/li>\n<\/ul>\n\n\n\n<h3 class=\"wp-block-heading\">Anxiety<\/h3>\n\n\n\n<ul class=\"wp-block-list\">\n<li><a href=\"https:\/\/eps-sdg.ca\/downloads\/Social_anxiety_ENG.pdf\" target=\"_blank\" rel=\"noreferrer noopener\">Social Anxiety (PDF)<\/a><\/li>\n\n\n\n<li><a href=\"https:\/\/sosnancy.com\/mon-enfant-ne-veut-pas-retourner-a-lecole-quand-la-rentree-devient-un-cauchemar\/\" target=\"_blank\" rel=\"noreferrer noopener\">Mon enfant ne veut pas retourner \u00e0 l\u2019\u00e9cole!!! Quand la rentr\u00e9e devient un cauchemar!<\/a><\/li>\n\n\n\n<li><a href=\"https:\/\/www.anxietycanada.com\/learn-about-anxiety\/anxiety-in-children\/\" target=\"_blank\" rel=\"noreferrer noopener\">Anxiety in Children \u2013 Anxiety Canada<\/a><\/li>\n\n\n\n<li><a href=\"https:\/\/www.anxietycanada.com\/learn-about-anxiety\/anxiety-in-youth\/\" target=\"_blank\" rel=\"noreferrer noopener\">Anxiety in Youth \u2013 Anxiety Canada<\/a><\/li>\n\n\n\n<li><a href=\"\/downloads\/qs-anxiety-disorders-patient-guide-fr.pdf\" target=\"_blank\" rel=\"noreferrer noopener\">Troubles anxieux (PDF)<\/a><\/li>\n\n\n\n<li><a href=\"\/downloads\/qs-obsessive-compulsive-disorder-patient-guide-fr.pdf\" target=\"_blank\" rel=\"noreferrer noopener\">Trouble obsessionnel compulsif (PDF)<\/a><\/li>\n<\/ul>\n\n\n\n<h3 class=\"wp-block-heading\">Depression<\/h3>\n\n\n\n<ul class=\"wp-block-list\">\n<li><a href=\"\/en\/downloads\/Retrouver_son_entrain_client_fiche_dinformation.pdf\/\" target=\"_blank\" rel=\"noreferrer noopener\">Retrouver son entrain client fiche<\/a><\/li>\n\n\n\n<li><a href=\"https:\/\/camh.ca\/en\/health-info\/mental-illness-and-addiction-index\/depression\" target=\"_blank\" rel=\"noreferrer noopener\">Depression | CAMH<\/a><\/li>\n\n\n\n<li><a href=\"https:\/\/www.cheo.on.ca\/en\/resources-and-support\/resources\/P4931E.pdf\" target=\"_blank\" rel=\"noreferrer noopener\">Helping Your Child Or Youth With Depression<\/a><\/li>\n\n\n\n<li><a href=\"\/en\/Sleep_for_youth_online_with_references_EN.pdf\/\" target=\"_blank\" rel=\"noreferrer noopener\">Sleep for Youth (PDF)<\/a><\/li>\n\n\n\n<li><a href=\"\/en\/12810_Self-Harm.pdf\/\" target=\"_blank\" rel=\"noreferrer noopener\">Self-Harm (PDF)<\/a><\/li>\n\n\n\n<li><a href=\"\/downloads\/Coping-Alt-Strat-FR2.pdf\" target=\"_blank\" rel=\"noreferrer noopener\">Strat\u00e9gies pour l\u2019automutilation (PDF)<\/a><\/li>\n\n\n\n<li><a href=\"https:\/\/eps-sdg.ca\/downloads\/17964_Winter_Depression_EN.pdf\" target=\"_blank\" rel=\"noreferrer noopener\">Winter Depression (PDF)<\/a><\/li>\n\n\n\n<li><a href=\"\/downloads\/Peers-FR2.pdf\" target=\"_blank\" rel=\"noreferrer noopener\">Aider un ami qui s\u2019automutile (PDF)<\/a><\/li>\n\n\n\n<li><a href=\"\/downloads\/Retrouver-son-entrain_liste-de-v\u00e9rifications-pour-les-\u00e9tudiants_FR_082020.pdf\" target=\"_blank\" rel=\"noreferrer noopener\">Retrouver son entrain liste de v\u00e9rifications pour les \u00e9tudiants (PDF)<\/a><\/li>\n\n\n\n<li><a href=\"\/downloads\/Retrouver-son-entrain_client_fiche-dinformation.pdf\" target=\"_blank\" rel=\"noreferrer noopener\">Retrouver son entrain client fiche d\u2019information (PDF)<\/a><\/li>\n\n\n\n<li><a href=\"\/downloads\/BB-Social-Media_Mental-Health-Tip-Sheet-FR-FINAL-HR.pdf\" target=\"_blank\" rel=\"noreferrer noopener\">Sept fa\u00e7ons d\u2019utiliser les m\u00e9dias sociaux de mani\u00e8re b\u00e9n\u00e9fique pour votre sant\u00e9 mentale (PDF)<\/a><\/li>\n\n\n\n<li><a href=\"\/downloads\/BounceBack-New-Parent-Handout-FR-FINAL-HR.pdf\" target=\"_blank\" rel=\"noreferrer noopener\">Retrouver son entrain pour les nouveaux parents (PDF)<\/a><\/li>\n\n\n\n<li><a href=\"\/downloads\/BounceBack-Youth-15-17-Handout-FR-HR.pdf\" target=\"_blank\" rel=\"noreferrer noopener\">Retrouver son entrain pour les jeunes de 15 \u00e0 17 ans (PDF)<\/a><\/li>\n<\/ul>\n\n\n\n<h3 class=\"wp-block-heading\">Anger<\/h3>\n\n\n\n<ul class=\"wp-block-list\">\n<li><a href=\"\/downloads\/escalier-de-la-col\u00e8re-1.pdf\" target=\"_blank\" rel=\"noreferrer noopener\">Escalier de la col\u00e8re (PDF)<\/a><\/li>\n\n\n\n<li><a href=\"https:\/\/childdevelop.ca\/snap\/\" target=\"_blank\" rel=\"noreferrer noopener\">childdevelop.ca\/snap\/<\/a><\/li>\n<\/ul>\n\n\n\n<h3 class=\"wp-block-heading\">Autism Spectrum&nbsp;<\/h3>\n\n\n\n<ul class=\"wp-block-list\">\n<li><a href=\"\/downloads\/trouble_du_spectre_autistique_mgl.pdf\">Trouble du spectre de l\u2019autisme (PDF)<\/a><\/li>\n\n\n\n<li><a href=\"https:\/\/www.autismontario.com\/\" target=\"_blank\" rel=\"noreferrer noopener\">Autism Ontario<\/a><\/li>\n\n\n\n<li><a href=\"https:\/\/autisme-montreal.com\/en\/\" target=\"_blank\" rel=\"noreferrer noopener\">Autisme Montr\u00e9al<\/a><\/li>\n<\/ul>\n\n\n\n<h3 class=\"wp-block-heading\">LGBTQ+<\/h3>\n\n\n\n<ul class=\"wp-block-list\">\n<li><a href=\"https:\/\/www.rainbowhealthontario.ca\/fr\/accueil\/\" target=\"_blank\" rel=\"noreferrer noopener\">Rainbow Health Ontario<\/a><\/li>\n\n\n\n<li><a href=\"https:\/\/gendercreativekids.com\" target=\"_blank\" rel=\"noreferrer noopener\">Gender Creative Kids<\/a><\/li>\n\n\n\n<li><a href=\"https:\/\/kidshelpphone.ca\/get-info\/2slgbtq-what-does-it-mean\/\" target=\"_blank\" rel=\"noreferrer noopener\">2SLGBTQ+: What does it mean?<\/a><\/li>\n\n\n\n<li><a href=\"https:\/\/kidshelpphone.ca\/get-info\/gender-identity-gender-expression\/?_ga=2.150700534.1125137167.1671555625-905440524.1671555625\" target=\"_blank\" rel=\"noreferrer noopener\">Gender identity and gender expression<\/a><\/li>\n\n\n\n<li><a href=\"https:\/\/kidshelpphone.ca\/get-info\/puberty-transitioning-trans-non-binary-youth\/?_ga=2.115557958.1125137167.1671555625-905440524.1671555625\" target=\"_blank\" rel=\"noreferrer noopener\">Puberty and transitioning for trans and non-binary youth<\/a><\/li>\n\n\n\n<li><a href=\"\/downloads\/orientation_sexuelle_rev.pdf\" target=\"_blank\" rel=\"noreferrer noopener\">L\u2019orientation et l\u2019identit\u00e9 sexuelle (PDF)<\/a><\/li>\n\n\n\n<li><a href=\"https:\/\/transhealthottawa.org\/\" target=\"_blank\" rel=\"noreferrer noopener\">transhealthottawa.org<\/a><\/li>\n<\/ul>\n\n\n\n<h3 class=\"wp-block-heading\">Parenting Skills<\/h3>\n\n\n\n<ul class=\"wp-block-list\">\n<li><a rel=\"noreferrer noopener\" href=\"https:\/\/www.triplep-parenting.ca\/ont-en\/get-started\/parenting-during-covid-19\/#:~:text=Keephealthyandsafe(good,forupdatescanincreasestress)\" target=\"_blank\">Parenting During COVID-19<\/a><\/li>\n\n\n\n<li><a rel=\"noreferrer noopener\" href=\"https:\/\/www.triplep-parenting.ca\/ont-en\/triple-p\/?itb=abcc5329cfe5846db63ff4dee74eb906\" target=\"_blank\">Use Positive Parenting | Proven strategies<\/a><\/li>\n\n\n\n<li><a rel=\"noreferrer noopener\" href=\"https:\/\/shop.familiescanada.ca\/products\/positive-discipline-in-everyday-parenting\" target=\"_blank\">Positive Discipline in Everyday Parenting \u2013 Families Canada<\/a><\/li>\n\n\n\n<li><a rel=\"noreferrer noopener\" href=\"https:\/\/caringforkids.cps.ca\/handouts\/behavior-and-development\/foster_self_esteem\" target=\"_blank\">How to foster your child\u2019s self-esteem<\/a><\/li>\n<\/ul>\n\n\n\n<h3 class=\"wp-block-heading\">Ressources pour Professionnels<\/h3>\n\n\n\n<ul class=\"wp-block-list\">\n<li><a href=\"https:\/\/youthhubs.ca\/fr\/osduhs-youth-substance-use-resources-for-educators\/\" data-type=\"URL\" data-id=\"https:\/\/youthhubs.ca\/fr\/osduhs-youth-substance-use-resources-for-educators\/\" target=\"_blank\" rel=\"noreferrer noopener\">Documentation sur l\u2019usage de substances psychoactives chez les jeunes, \u00e0 l\u2019intention des \u00e9ducateurs et des leaders du syst\u00e8me scolaire<\/a><\/li>\n<\/ul>\n\n\n\n<h3 class=\"wp-block-heading\">Caregiver Support<\/h3>\n\n\n\n<ul class=\"wp-block-list\">\n<li><a href=\"https:\/\/www.pleo.on.ca\/\" target=\"_blank\" rel=\"noreferrer noopener\">PLEO<\/a>&nbsp;<\/li>\n\n\n\n<li><a rel=\"noreferrer noopener\" href=\"https:\/\/embracecaregivers.com\/fr\/\" target=\"_blank\"><\/a><a href=\"https:\/\/embracecaregivers.com\/en\/main-homepage\/young-carers\/\">Changing CARE<\/a><\/li>\n\n\n\n<li><a rel=\"noreferrer noopener\" href=\"https:\/\/protectchildren.ca\/en\/resources-research\/supporting-you-through-covid-19\/\" target=\"_blank\">Resources: Trending Resources, Timely Support \u2013 protectchildren.ca<\/a><\/li>\n\n\n\n<li><a rel=\"noreferrer noopener\" href=\"http:\/\/www.reachoutnow.ca\" target=\"_blank\"><\/a><a rel=\"noreferrer noopener\" href=\"http:\/\/www.reachoutnow.ca\" target=\"_blank\">reachoutnow.ca<\/a><\/li>\n\n\n\n<li><a href=\"https:\/\/www.ementalhealth.ca\" target=\"_blank\" rel=\"noreferrer noopener\">eMentalHealth.ca<\/a><\/li>\n\n\n\n<li><a href=\"https:\/\/211ontario.ca\/search\/\" target=\"_blank\" rel=\"noreferrer noopener\">211ontario.ca<\/a><\/li>\n\n\n\n<li><a href=\"https:\/\/1call1click.ca\" target=\"_blank\" rel=\"noreferrer noopener\">1call1click.ca<\/a><\/li>\n\n\n\n<li><a href=\"http:\/\/www.connexontario.ca\">ConnexOntario<\/a><\/li>\n\n\n\n<li><a rel=\"noreferrer noopener\" href=\"https:\/\/eps-sdg.ca\/wp-content\/uploads\/2023\/04\/MHW_Poster_8.5x11_Eng-Cornwall.pdf\" target=\"_blank\">Groupe en ligne \u2013 Ces ann\u00e9es incroyables<\/a><\/li>\n<\/ul>\n\n\n\n<h3 class=\"wp-block-heading\">Programmes Cliniques<\/h3>\n\n\n\n<ul class=\"wp-block-list\">\n<li><a href=\"\/downloads\/Cornwall_mobile_unit-EN.pdf\">Recovery Care Mobile Clinic<\/a> (PDF)<\/li>\n<\/ul>\n\n\n\n<h3 class=\"wp-block-heading\">Tip Sheets for Caregivers<\/h3>\n\n\n\n<ul class=\"wp-block-list\">\n<li><a href=\"\/downloads\/deuil_et_perte_pdf_2.pdf\">Ressources pour les parents sur le deuil (PDF)<\/a><\/li>\n\n\n\n<li><a href=\"\/downloads\/automutilation_ressources_pour_parents_gl.pdf\" target=\"_blank\" rel=\"noreferrer noopener\">Ressources pour parents sur l\u2019automutilation (PDF)<\/a><\/li>\n\n\n\n<li><a href=\"\/downloads\/cyberdependance_2rev_mgl.pdf\" target=\"_blank\" rel=\"noreferrer noopener\">Ressources pour parents sur l\u2019internet (PDF)<\/a><\/li>\n\n\n\n<li><a href=\"\/downloads\/douance.pdf\" target=\"_blank\" rel=\"noreferrer noopener\">Ressources pour parents sur la douance (PDF)<\/a><\/li>\n\n\n\n<li><a href=\"\/downloads\/dyspraxie_cb_doc_gl.pdf\" target=\"_blank\" rel=\"noreferrer noopener\">Ressources pour parents sur la dyspraxie (PDF)<\/a><\/li>\n\n\n\n<li><a href=\"\/downloads\/image_corporelle_et_troubles_alimentaires_1_rev_mgl.pdf\">Ressources pour parents sur les troubles alimentaires (PDF)<\/a><\/li>\n\n\n\n<li><a href=\"\/downloads\/integration_neurosensorielle_mgl_rev.pdf\" target=\"_blank\" rel=\"noreferrer noopener\">Ressources pour parents sur l\u2019int\u00e9gration neurosensorielle (PDF)<\/a><\/li>\n\n\n\n<li><a href=\"\/downloads\/12796_Bullying_EN.pdf\" data-type=\"URL\" data-id=\"\/downloads\/intimidation_chez_l\u2019enfant_-_ladolescent_pdf_1.pdf\">Ressources pour parents sur l\u2019intimidation (PDF)<\/a><\/li>\n\n\n\n<li><a href=\"\/downloads\/orientation_sexuelle_rev.pdf\">Ressources pour parents sur l\u2019orientation et l\u2019identit\u00e9 sexuelle (PDF)<\/a><\/li>\n\n\n\n<li><a href=\"\/downloads\/relation_de_conflit_dans_la_fratrie_pdf_1.pdf\" target=\"_blank\" rel=\"noreferrer noopener\">Ressources pour parents sur les conflits entre fratrie (PDF)<\/a><\/li>\n\n\n\n<li><a href=\"\/downloads\/relation_et_communication_parents_enfants_adolescents_al_gl.pdf\" target=\"_blank\" rel=\"noreferrer noopener\">Ressources pour parents sur la communication entre parents et l\u2019enfant (PDF)<\/a><\/li>\n\n\n\n<li><a href=\"\/downloads\/relations_intimes_saines_pdf_1.pdf\">Ressources pour parents sur les relations intimes saines (PDF)<\/a><\/li>\n\n\n\n<li><a href=\"\/downloads\/separation_et_divorce_pdf_3.pdf\" target=\"_blank\" rel=\"noreferrer noopener\">Ressources pour parents sur la s\u00e9paration et le divorce (PDF)<\/a><\/li>\n\n\n\n<li><a href=\"\/downloads\/stress_chez_les_enfants_et_les_adolescents.pdf\">Ressources pour parents sur le stress chez les enfants et les adolescents (PDF)<\/a><\/li>\n\n\n\n<li><a href=\"\/downloads\/suicide_pdf_2.pdf\">Ressources pour parents sur le suicide (PDF)<\/a><\/li>\n\n\n\n<li><a href=\"\/downloads\/syndrome_dalcoolisme_f\u0153tal_et_connexes_rev_mgl.pdf\" target=\"_blank\" rel=\"noreferrer noopener\">Ressources pour parents sur le syndrome d\u2019alcoolisme f\u0153tal (PDF)<\/a><\/li>\n\n\n\n<li><a href=\"\/downloads\/syndrome_des_dysfonctions_non_verbales__doc.pdf\" data-type=\"URL\" data-id=\"\/downloads\/syndrome_des_dysfonctions_non_verbales__doc.pdf\" target=\"_blank\" rel=\"noreferrer noopener\">Ressources pour parents sur le syndrome des dysfonctions non verbales (PDF)<\/a><\/li>\n\n\n\n<li><a href=\"\/downloads\/tdah__3.pdf\" target=\"_blank\" rel=\"noreferrer noopener\">Ressources pour parents sur le TDAH (PDF)<\/a><\/li>\n\n\n\n<li><a href=\"\/downloads\/trouble_dopposition_-_comportement_pdf_2.pdf\" target=\"_blank\" rel=\"noreferrer noopener\">Ressources pour parents sur le trouble d\u2019opposition (PDF)<\/a><\/li>\n\n\n\n<li><a href=\"\/downloads\/trouble_du_spectre_autistique_mgl.pdf\" target=\"_blank\" rel=\"noreferrer noopener\">Ressources pour parents sur le trouble du spectre de l\u2019autisme (PDF)<\/a><\/li>\n\n\n\n<li><a href=\"\/downloads\/troubles_dapprentissage_-_ressources_pour_parents_pdf_2.pdf\" target=\"_blank\" rel=\"noreferrer noopener\">Ressources pour parents sur les troubles d\u2019apprentissages (PDF)<\/a><\/li>\n\n\n\n<li><a href=\"\/downloads\/13462_Financial_help_for_medications_FR.pdf\" target=\"_blank\" rel=\"noreferrer noopener\">Ressources pour parents sur la couverture financi\u00e8re pour la m\u00e9dication en Ontario (PDF)<\/a><\/li>\n\n\n\n<li><a href=\"\/downloads\/Depression_for_parents_ENG.pdf\" target=\"_blank\" rel=\"noreferrer noopener\">Depression for Parents (PDF)<\/a><\/li>\n\n\n\n<li><a href=\"\/downloads\/12797_Bullying_FR.pdf\" target=\"_blank\" rel=\"noreferrer noopener\">Bullying (PDF)<\/a><\/li>\n\n\n\n<li><a href=\"\/downloads\/15228_Gambling_ENG.pdf\" target=\"_blank\" rel=\"noreferrer noopener\">Gambling (PDF)<\/a><\/li>\n\n\n\n<li><a href=\"\/downloads\/12805_OCD_ENG.pdf\" target=\"_blank\" rel=\"noreferrer noopener\">OCD (PDF)<\/a><\/li>\n\n\n\n<li><a href=\"\/downloads\/12807_Psychosis_ENG.pdf\" target=\"_blank\" rel=\"noreferrer noopener\">Psychosis (PDF)<\/a><\/li>\n\n\n\n<li><a href=\"\/downloads\/18887_18228_Suicide_ENG.pdf\" target=\"_blank\" rel=\"noreferrer noopener\">Suicide (PDF)<\/a><\/li>\n\n\n\n<li><a href=\"\/downloads\/14478_ADHD_EN.pdf\" target=\"_blank\" rel=\"noreferrer noopener\">ADHD (PDF)<\/a><\/li>\n\n\n\n<li><a href=\"\/downloads\/Help-Sheets-The-set-up-for-Success-2018.pdf\" target=\"_blank\" rel=\"noreferrer noopener\">Help Sheet for Eating Disorders (PDF)<\/a><\/li>\n<\/ul>\n\n\n\n<h3 class=\"wp-block-heading\">COVID-19<\/h3>\n\n\n\n<ul class=\"wp-block-list\">\n<li><a href=\"\/downloads\/tpi-top-tips-covid19-school-life-ltr-can-fr.pdf\">10 suggestions durant COVID (PDF)<\/a><\/li>\n\n\n\n<li><a rel=\"noreferrer noopener\" href=\"https:\/\/familiescanada.ca\/covid-19\/\" target=\"_blank\">COVID-19: Exclusive resources for service provider heroes \u2013 Familles Canada<\/a><\/li>\n\n\n\n<li><a href=\"https:\/\/cmho.org\/wp-content\/uploads\/Le-retour-a-l-ecole-durant-la-COVID-19.pdf\" target=\"_blank\" rel=\"noreferrer noopener\">Le retour \u00e0 l\u2019\u00e9cole durant la COVID-19 (PDF)<\/a><\/li>\n\n\n\n<li><a href=\"https:\/\/cmho.org\/how-the-pandemic-impacts-childens-mental-health\/\" target=\"_blank\" rel=\"noreferrer noopener\">How the pandemic impacts children\u2019s mental health \u2013 Children\u2019s Mental Health Ontario (cmho.org)<\/a><\/li>\n\n\n\n<li><a href=\"https:\/\/smho-smso.ca\/blog\/supporting-mental-health-and-wellness-during-the-return-to-school-tips-for-parents-and-families\/\" target=\"_blank\" rel=\"noreferrer noopener\">News and Updates \u2013 About Us \u2013 School Mental Health Ontario (smho-smso.ca)<\/a><\/li>\n\n\n\n<li><a href=\"https:\/\/uniquefm.ca\/entrevues\/comment-on-explique-la-quarantaine-aux-enfants--42068?fbclid=IwAR2V-kvSj7PiFUJsuOjwcfQYm97NMa68eSLi8Ub3pBsJAKdGhn-lY-79NPs\" target=\"_blank\" rel=\"noreferrer noopener\">Unique FM | Entrevue | Comment on explique la quarantaine aux enfants<\/a><\/li>\n\n\n\n<li><a rel=\"noreferrer noopener\" href=\"https:\/\/centrelecap.ca\/nous-unissons-nos-forces-pour-mieux-vous-servir\/?fbclid=IwAR37qaYGTbQWqBbSIOTr29Kl2uV2xaKTVFHJ6K_a7jg3tNbEOQuaDJdPLTI\" target=\"_blank\">Le CAP \u2013 (centrelecap.ca)<\/a><\/li>\n\n\n\n<li><a href=\"https:\/\/www.unicef.org\/coronavirus\/how-talk-your-child-about-coronavirus-covid-19\" target=\"_blank\" rel=\"noreferrer noopener\">How to talk to your child about coronavirus disease 2019 (COVID-19) | UNICEF<\/a><\/li>\n\n\n\n<li><a href=\"https:\/\/www.unicef.org\/coronavirus\/covid-19\" target=\"_blank\" rel=\"noreferrer noopener\">COVID-19 response | UNICEF<\/a><\/li>\n\n\n\n<li><a href=\"https:\/\/www.unicef.org\/coronavirus\/how-teachers-can-talk-children-about-coronavirus-disease-covid-19\" target=\"_blank\" rel=\"noreferrer noopener\">How teachers can talk to children about coronavirus disease (COVID-19) | UNICEF<\/a><\/li>\n\n\n\n<li><a href=\"https:\/\/www.unicef.org\/reports\/key-messages-and-actions-coronavirus-disease-covid-19-prevention-and-control-schools\" target=\"_blank\" rel=\"noreferrer noopener\">Interim Guidance for COVID-19 Prevention and Control in Schools | UNICEF<\/a><\/li>\n\n\n\n<li><a href=\"https:\/\/www.eenetconnect.ca\/g\/SLF\/topic\/ressources-sur-le-coronavirus-de-la-socie-te-canadienne-en-pe-diatrie\" target=\"_blank\" rel=\"noreferrer noopener\">Ressources sur le coronavirus de la Soci\u00e9t\u00e9 canadienne en p\u00e9diatrie | Services en sant\u00e9 mentale et en lutte contre les d\u00e9pendances | EENet Connect<\/a><\/li>\n\n\n\n<li><a href=\"https:\/\/www.eenetconnect.ca\/g\/SLF\/topic\/vocabulaire-a-utiliser-pour-les-niveaux-de-soins-et-ge-rer-de-cisions-difficiles-en-situation-de-pande-mie\" target=\"_blank\" rel=\"noreferrer noopener\">Vocabulaire \u00e0 utiliser pour les niveaux de soins et g\u00e9rer d\u00e9cisions difficiles en situation de pand\u00e9mie | Services en sant\u00e9 mentale et en lutte contre les d\u00e9pendances | EENet Connect<\/a><\/li>\n\n\n\n<li><a href=\"https:\/\/www.eenetconnect.ca\/g\/SLF\/topic\/usage-de-substances-et-covid-19\" target=\"_blank\" rel=\"noreferrer noopener\">Usage de substances et COVID-19 | Services en sant\u00e9 mentale et en lutte contre les d\u00e9pendances | EENet Connect<\/a><\/li>\n\n\n\n<li><a href=\"https:\/\/www.eenetconnect.ca\/g\/SLF\/topic\/ressources-sur-covid-19-et-la-sante-mentale\" target=\"_blank\" rel=\"noreferrer noopener\">Ressources sur COVID-19 et la sant\u00e9 mentale | Services en sant\u00e9 mentale et en lutte contre les d\u00e9pendances | EENet Connect<\/a><\/li>\n\n\n\n<li><a href=\"https:\/\/www.eenetconnect.ca\/g\/SLF\/topic\/ressources-sur-covid-19-et-la-sante-mentale-2\" target=\"_blank\" rel=\"noreferrer noopener\">Ressources sur COVID-19 et la sant\u00e9 mentale (2) | Services en sant\u00e9 mentale et en lutte contre les d\u00e9pendances | EENet Connect<\/a><\/li>\n\n\n\n<li><a href=\"https:\/\/www.eenetconnect.ca\/g\/SLF\/topic\/les-conseils-pour-soutenir-la-sante-mentale-dans-le-contexte-de-la-pande-mie-de-covid-19\" target=\"_blank\" rel=\"noreferrer noopener\">Les conseils pour soutenir la sant\u00e9 mentale dans le contexte de la pand\u00e9mie de COVID-19 | Services en sant\u00e9 mentale et en lutte contre les d\u00e9pendances | EENet Connect<\/a><\/li>\n<\/ul>\n\n\n<\/p>\n\n\n\n<h3 class=\"wp-block-heading\">1-2-3 Magic&nbsp;<\/h3>\n\n\n\n<ul class=\"wp-block-list\">\n<li><a rel=\"noreferrer noopener\" href=\"https:\/\/eps-sdg.ca\/downloads\/1-2-3-magic-attitude.pdf\" target=\"_blank\">1-2-3 Magic Parenting \u2013 Attitude<\/a><\/li>\n\n\n\n<li><a href=\"https:\/\/eps-sdg.ca\/downloads\/1-2-3-magic-avoid-talk-persuade-yell-hit-symdrome.pdf\" target=\"_blank\" rel=\"noreferrer noopener\">1-2-3 Magic Parenting \u2013 Avoid the Talk-Persuade-Argue-Yell-Hit Syndrome<\/a><\/li>\n\n\n\n<li><a rel=\"noreferrer noopener\" href=\"https:\/\/eps-sdg.ca\/downloads\/1-2-3-magic-back-to-school-tips.pdf\" target=\"_blank\">1-2-3 Magic Parenting \u2013 Back to School Tips&nbsp;<\/a><\/li>\n\n\n\n<li><a rel=\"noreferrer noopener\" href=\"https:\/\/eps-sdg.ca\/downloads\/1-2-3-magic-bedtime.pdf\" target=\"_blank\">1-2-3 Magic Parenting &#8211; Bedtime<\/a><\/li>\n\n\n\n<li><a href=\"https:\/\/eps-sdg.ca\/downloads\/1-2-3-magic-conflict-resolution.pdf\">1-2-3 Magic Parenting \u2013 Conflict Resolution<\/a><\/li>\n\n\n\n<li><a rel=\"noreferrer noopener\" href=\"https:\/\/eps-sdg.ca\/downloads\/1-2-3-magic-homework.pdf\" target=\"_blank\">1-2-3 Magic Parenting \u2013 Homework<\/a><\/li>\n\n\n\n<li><a href=\"https:\/\/eps-sdg.ca\/downloads\/1-2-3-magic-lying.pdf\" target=\"_blank\" rel=\"noreferrer noopener\">1-2-3 Magic Parenting \u2013 Lying<\/a><\/li>\n\n\n\n<li><a href=\"https:\/\/eps-sdg.ca\/downloads\/1-2-3-magic-overparenting.pdf\" target=\"_blank\" rel=\"noreferrer noopener\">1-2-3 Magic Parenting \u2013 Overparenting<\/a><\/li>\n\n\n\n<li><a href=\"https:\/\/equipepsychosociale.com\/downloads\/1-2-3-magic-parenting-dream-vs-reality.pdf\">1-2-3 Magic Parenting \u2013 Parentings: the Dream vs. the Reality&nbsp;<\/a><\/li>\n\n\n\n<li><a href=\"https:\/\/eps-sdg.ca\/downloads\/1-2-3-magic-reality-check-for-parents.pdf\" target=\"_blank\" rel=\"noreferrer noopener\">1-2-3 Magic Parenting \u2013 Reality Check for Parents<\/a><\/li>\n\n\n\n<li><a href=\"https:\/\/eps-sdg.ca\/downloads\/1-2-3-magic-reduce-holiday-stress.pdf\" target=\"_blank\" rel=\"noreferrer noopener\">1-2-3 Magic Parenting \u2013 Reduce Holiday Stress<\/a><\/li>\n\n\n\n<li><a href=\"https:\/\/eps-sdg.ca\/downloads\/1-2-3-magic-self-esteem.pdf\" target=\"_blank\" rel=\"noreferrer noopener\">1-2-3 Magic Parenting \u2013 Self Esteem<\/a><\/li>\n\n\n\n<li><a href=\"https:\/\/eps-sdg.ca\/downloads\/1-2-3-magic-tantrums.pdf\" target=\"_blank\" rel=\"noreferrer noopener\">1-2-3 Magic Parenting \u2013 Tantrums<\/a><\/li>\n\n\n\n<li><a href=\"https:\/\/eps-sdg.ca\/downloads\/1-2-3-magic-when-parents-expect-too-much.pdf\" target=\"_blank\" rel=\"noreferrer noopener\">1-2-3 Magic Parenting \u2013 When Parents Expect Too Much<\/a><\/li>\n\n\n\n<li><a href=\"https:\/\/eps-sdg.ca\/downloads\/1-2-3-magic-parenting-dream-vs-reality.pdf\" target=\"_blank\" rel=\"noreferrer noopener\">1-2-3 Magic Parenting \u2013 Whining<\/a><\/li>\n<\/ul>\n\n\n<p>","protected":false},"excerpt":{"rendered":"<p>Soutien enfants et adolescents Fiches conseil pour enfants et jeunes Anxi\u00e9t\u00e9 D\u00e9pression Col\u00e8re Spectre de l\u2019autisme&nbsp; LGBTQ+ Habilet\u00e9s parentales Ressources pour Professionnels Soutien parental Programmes Cliniques Fiches-conseils pour parents COVID-19<\/p>","protected":false},"author":1,"featured_media":0,"parent":206,"menu_order":0,"comment_status":"closed","ping_status":"closed","template":"","meta":{"_et_pb_use_builder":"off","_et_pb_old_content":"","_et_gb_content_width":"","footnotes":""},"class_list":["post-1113","page","type-page","status-publish","hentry"],"_links":{"self":[{"href":"https:\/\/eps-sdg.ca\/en\/wp-json\/wp\/v2\/pages\/1113","targetHints":{"allow":["GET"]}}],"collection":[{"href":"https:\/\/eps-sdg.ca\/en\/wp-json\/wp\/v2\/pages"}],"about":[{"href":"https:\/\/eps-sdg.ca\/en\/wp-json\/wp\/v2\/types\/page"}],"author":[{"embeddable":true,"href":"https:\/\/eps-sdg.ca\/en\/wp-json\/wp\/v2\/users\/1"}],"replies":[{"embeddable":true,"href":"https:\/\/eps-sdg.ca\/en\/wp-json\/wp\/v2\/comments?post=1113"}],"version-history":[{"count":38,"href":"https:\/\/eps-sdg.ca\/en\/wp-json\/wp\/v2\/pages\/1113\/revisions"}],"predecessor-version":[{"id":4755,"href":"https:\/\/eps-sdg.ca\/en\/wp-json\/wp\/v2\/pages\/1113\/revisions\/4755"}],"up":[{"embeddable":true,"href":"https:\/\/eps-sdg.ca\/en\/wp-json\/wp\/v2\/pages\/206"}],"wp:attachment":[{"href":"https:\/\/eps-sdg.ca\/en\/wp-json\/wp\/v2\/media?parent=1113"}],"curies":[{"name":"wp","href":"https:\/\/api.w.org\/{rel}","templated":true}]}}