{"id":32,"date":"2021-05-27T15:51:41","date_gmt":"2021-05-27T19:51:41","guid":{"rendered":"https:\/\/eps-sdg.ca\/?page_id=32"},"modified":"2024-02-28T09:13:15","modified_gmt":"2024-02-28T14:13:15","slug":"violence-familiale","status":"publish","type":"page","link":"http:\/\/eps-sdg.ca\/en\/programmes\/violence-familiale\/","title":{"rendered":"Services for Victims of Domestic and Family Violence"},"content":{"rendered":"<p>L\u2019\u00c9quipe psycho-sociale is committed to providing services to Francophone women, children and youth of any culture, religion, race, or sexual orientation, to live a life free of violence. Our feminist perspective is at the heart of our interventions. We support and respect women in their journey, no matter where they are.<\/p>\n\n\n\n<p class=\"has-small-font-size\"><em>*Person who identifies or expresses themself as a woman<\/em><\/p>","protected":false},"excerpt":{"rendered":"<p>L\u2019\u00c9quipe psycho-sociale s\u2019engage \u00e0 offrir des services aux femmes*, aux enfants et jeunes francophones de toute culture, religion, race, ou orientation sexuelle, \u00e0 vivre une vie sans violence. Notre perspective f\u00e9ministe est au c\u0153ur de nos interventions. Nous soutenons et respectons les femmes* dans leurs d\u00e9marches, peu importe o\u00f9 elles en sont. *Personne qui s\u2019identifie [&hellip;]<\/p>\n","protected":false},"author":1,"featured_media":4224,"parent":205,"menu_order":0,"comment_status":"closed","ping_status":"closed","template":"","meta":{"_et_pb_use_builder":"off","_et_pb_old_content":"","_et_gb_content_width":"","footnotes":""},"class_list":["post-32","page","type-page","status-publish","has-post-thumbnail","hentry"],"_links":{"self":[{"href":"http:\/\/eps-sdg.ca\/en\/wp-json\/wp\/v2\/pages\/32","targetHints":{"allow":["GET"]}}],"collection":[{"href":"http:\/\/eps-sdg.ca\/en\/wp-json\/wp\/v2\/pages"}],"about":[{"href":"http:\/\/eps-sdg.ca\/en\/wp-json\/wp\/v2\/types\/page"}],"author":[{"embeddable":true,"href":"http:\/\/eps-sdg.ca\/en\/wp-json\/wp\/v2\/users\/1"}],"replies":[{"embeddable":true,"href":"http:\/\/eps-sdg.ca\/en\/wp-json\/wp\/v2\/comments?post=32"}],"version-history":[{"count":3,"href":"http:\/\/eps-sdg.ca\/en\/wp-json\/wp\/v2\/pages\/32\/revisions"}],"predecessor-version":[{"id":4634,"href":"http:\/\/eps-sdg.ca\/en\/wp-json\/wp\/v2\/pages\/32\/revisions\/4634"}],"up":[{"embeddable":true,"href":"http:\/\/eps-sdg.ca\/en\/wp-json\/wp\/v2\/pages\/205"}],"wp:featuredmedia":[{"embeddable":true,"href":"http:\/\/eps-sdg.ca\/en\/wp-json\/wp\/v2\/media\/4224"}],"wp:attachment":[{"href":"http:\/\/eps-sdg.ca\/en\/wp-json\/wp\/v2\/media?parent=32"}],"curies":[{"name":"wp","href":"https:\/\/api.w.org\/{rel}","templated":true}]}}