{"id":2366,"date":"2021-09-24T15:43:59","date_gmt":"2021-09-24T19:43:59","guid":{"rendered":"https:\/\/eps-sdg.ca\/careers\/"},"modified":"2026-04-08T15:49:24","modified_gmt":"2026-04-08T19:49:24","slug":"offres-d-emploi","status":"publish","type":"page","link":"http:\/\/eps-sdg.ca\/en\/offres-d-emploi\/","title":{"rendered":"Careers"},"content":{"rendered":"<\/p>\n\n\n\n<p>Kindly be informed that our job vacancies are posted exclusively in French. As a francophone organization, we are specifically seeking applications from individuals fluent in French.<\/p>\n\n\n<p>\n\n\n\n<h4 class=\"wp-block-heading\"><strong>Available positions:<\/strong><\/h4>\n\n\n\n<ul class=\"wp-block-list\">\n<li><a href=\"\/downloads\/offresdemploi\/AFFICHAGE-Th\u00e9rapeute_en_sant\u00e9_mentale_pour_enfants_jeunes_et_hommes.pdf\" target=\"_blank\" rel=\"noreferrer noopener\">Th\u00e9rapeute en sant\u00e9 mentale pour enfants, jeunes et familles (poste permanent)<\/a><\/li>\n\n\n\n<li><a href=\"\/downloads\/offresdemploi\/AFFICHAGE-Th\u00e9rapeute_en_sant\u00e9_mentale_pour_enfants_jeunes_et_familles.pdf\" data-type=\"link\" data-id=\"\/downloads\/offresdemploi\/AFFICHAGE-Th\u00e9rapeute_en_sant\u00e9_mentale_pour_enfants_jeunes_et_familles.pdf\" target=\"_blank\" rel=\"noreferrer noopener\">Th\u00e9rapeute en sant\u00e9 mentale pour enfants, jeunes et hommes (poste permanent)<\/a><\/li>\n\n\n\n<li><a href=\"\/downloads\/offresdemploi\/AFFICHAGE-\u00c9ducatrice-teur_de_la_petite_enfance_temporaire.pdf\" data-type=\"link\" data-id=\"\/downloads\/offresdemploi\/AFFICHAGE-\u00c9ducatrice-teur_de_la_petite_enfance_temporaire.pdf\" target=\"_blank\" rel=\"noreferrer noopener\">\u00c9ducateur\/trice de la petite enfance (poste temporaire \u2013 remplacement cong\u00e9 maternit\u00e9)<\/a><\/li>\n\n\n\n<li><a href=\"\/downloads\/offresdemploi\/Affichage-\u00c9TUDIANT\u00b7E\u00b7S_D'\u00c9T\u00c9.pdf\" data-type=\"link\" data-id=\"\/downloads\/offresdemploi\/Affichage-\u00c9TUDIANT\u00b7E\u00b7S_D'\u00c9T\u00c9.pdf\" target=\"_blank\" rel=\"noreferrer noopener\">\u00c9tudiant\u00b7e\u00b7s d\u2019\u00e9t\u00e9 : animateurs\/trices de camp d\u2019\u00e9t\u00e9 (7 postes temporaires)<\/a><\/li>\n<\/ul>\n\n\n\n<h4 class=\"wp-block-heading\"><strong>Occasional substitute positions:&nbsp;<\/strong><\/h4>\n\n\n\n<ul class=\"wp-block-list\">\n<li><a href=\"\/downloads\/offresdemploi\/AFFICHAGE-suppleance-INTERVENANT\u00b7E-EN-DEFICIENCE-INTELLECTUELLE-SUPPLEANT\u00b7E.pdf\" target=\"_blank\" rel=\"noreferrer noopener\">Intervenant\u00b7e en d\u00e9ficience intellectuelle<\/a><\/li>\n\n\n\n<li><a href=\"\/downloads\/offresdemploi\/AFFICHAGE-Educatrice-teur-de-la-petite-enfance-suppleance.pdf\" target=\"_blank\" rel=\"noreferrer noopener\">\u00c9ducatrice ou \u00e9ducateur de la petite enfance<\/a><\/li>\n\n\n\n<li><a href=\"\/downloads\/offresdemploi\/AFFICHAGE-Educatrice-teur-specialise\u00b7e-Suppleance.pdf\" target=\"_blank\" rel=\"noreferrer noopener\">\u00c9ducatrice ou \u00e9ducateur sp\u00e9cialis\u00e9\u00b7e<\/a><\/li>\n<\/ul>\n\n\n\n\n\n\n<div class=\"wp-block-columns is-layout-flex wp-container-core-columns-is-layout-9d6595d7 wp-block-columns-is-layout-flex\">\n<div class=\"wp-block-column is-layout-flow wp-block-column-is-layout-flow\" style=\"flex-basis:33.33%\">\n<figure class=\"wp-block-image size-full\"><img loading=\"lazy\" decoding=\"async\" width=\"1024\" height=\"617\" src=\"https:\/\/eps-sdg.ca\/wp-content\/uploads\/2025\/05\/IDEA_Logo_1.png\" alt=\"\" class=\"wp-image-4771\" srcset=\"https:\/\/eps-sdg.ca\/wp-content\/uploads\/2025\/05\/IDEA_Logo_1.png 1024w, https:\/\/eps-sdg.ca\/wp-content\/uploads\/2025\/05\/IDEA_Logo_1-980x590.png 980w, https:\/\/eps-sdg.ca\/wp-content\/uploads\/2025\/05\/IDEA_Logo_1-480x289.png 480w\" sizes=\"(min-width: 0px) and (max-width: 480px) 480px, (min-width: 481px) and (max-width: 980px) 980px, (min-width: 981px) 1024px, 100vw\" \/><\/figure>\n<\/div>\n\n\n\n<div class=\"wp-block-column is-layout-flow wp-block-column-is-layout-flow\" style=\"flex-basis:66.66%\">\n<p><em>As a proud member of the <a href=\"https:\/\/unitedwaysdg.com\/what-we-do\/idea-community-coalition\/\" data-type=\"link\" data-id=\"https:\/\/unitedwaysdg.com\/what-we-do\/coalition-communautaire-idea\/\" target=\"_blank\" rel=\"noreferrer noopener\">IDEA Community Coalition<\/a>, l\u2019\u00c9quipe psycho-sociale de SDG is committed to promoting equity, diversity, inclusion, anti-oppression, and Truth and Reconciliation. We collaborate with local organizations and agencies to address systemic barriers and create lasting change. By focusing on community equity, continuous learning, inclusive practices, policy evaluation, and data-driven accountability, we strive to foster a more inclusive and just community for everyone.<\/em><\/p>\n<\/div>\n<\/div>","protected":false},"excerpt":{"rendered":"<p>Postes \u00e0 pourvoir&nbsp;: Postes de suppl\u00e9ance occasionelle&nbsp;:&nbsp; En tant que fier membre de la Coalition communautaire IDEA, L\u2019\u00c9quipe psycho-sociale de SDG (Stormont, Dundas, Glengarry) s&rsquo;engage \u00e0 promouvoir l&rsquo;\u00e9quit\u00e9, la diversit\u00e9, l&rsquo;inclusion, la lutte contre l&rsquo;oppression, ainsi que la v\u00e9rit\u00e9 et la r\u00e9conciliation. Nous collaborons avec des organisations et agences locales pour \u00e9liminer les obstacles syst\u00e9miques [&hellip;]<\/p>\n","protected":false},"author":1,"featured_media":0,"parent":0,"menu_order":0,"comment_status":"closed","ping_status":"closed","template":"","meta":{"_et_pb_use_builder":"","_et_pb_old_content":"","_et_gb_content_width":"","footnotes":""},"class_list":["post-2366","page","type-page","status-publish","hentry"],"_links":{"self":[{"href":"http:\/\/eps-sdg.ca\/en\/wp-json\/wp\/v2\/pages\/2366","targetHints":{"allow":["GET"]}}],"collection":[{"href":"http:\/\/eps-sdg.ca\/en\/wp-json\/wp\/v2\/pages"}],"about":[{"href":"http:\/\/eps-sdg.ca\/en\/wp-json\/wp\/v2\/types\/page"}],"author":[{"embeddable":true,"href":"http:\/\/eps-sdg.ca\/en\/wp-json\/wp\/v2\/users\/1"}],"replies":[{"embeddable":true,"href":"http:\/\/eps-sdg.ca\/en\/wp-json\/wp\/v2\/comments?post=2366"}],"version-history":[{"count":33,"href":"http:\/\/eps-sdg.ca\/en\/wp-json\/wp\/v2\/pages\/2366\/revisions"}],"predecessor-version":[{"id":4827,"href":"http:\/\/eps-sdg.ca\/en\/wp-json\/wp\/v2\/pages\/2366\/revisions\/4827"}],"wp:attachment":[{"href":"http:\/\/eps-sdg.ca\/en\/wp-json\/wp\/v2\/media?parent=2366"}],"curies":[{"name":"wp","href":"https:\/\/api.w.org\/{rel}","templated":true}]}}