{"id":210,"date":"2021-05-27T15:50:34","date_gmt":"2021-05-27T19:50:34","guid":{"rendered":"https:\/\/eps-sdg.ca\/?page_id=24"},"modified":"2022-12-20T16:52:10","modified_gmt":"2022-12-20T21:52:10","slug":"services-de-sante-mentale-nous-joindre","status":"publish","type":"page","link":"http:\/\/eps-sdg.ca\/en\/programmes\/services-en-sante-mentale\/services-de-sante-mentale-nous-joindre\/","title":{"rendered":"Contact Us"},"content":{"rendered":"<div class=\"wp-block-columns is-layout-flex wp-container-core-columns-is-layout-9d6595d7 wp-block-columns-is-layout-flex\">\n<div class=\"wp-block-column is-layout-flow wp-block-column-is-layout-flow\">\n<h4 class=\"wp-block-heading\">Head Office:<\/h4>\n\n\n\n<p>610 McConnell Avenue<br>Cornwall, ON K6H 4M1<br>Telephone:&nbsp;<a href=\"tel:6139387112\">613-938-7112<br><\/a>Fax: 613-938-8163<br>Email:&nbsp;<a href=\"mailto:eps@equipepsychosociale.ca\">eps@equipepsychosociale.ca<\/a><\/p>\n<\/div>\n\n\n\n<div class=\"wp-block-column is-layout-flow wp-block-column-is-layout-flow\">\n<h4 class=\"wp-block-heading\">Satellite Office:<\/h4>\n\n\n\n<p>110 Main Street<br>Alexandria, ON K0C 1A0<br>Telephone:\u00a0<a href=\"tel:6135253952\">613-525-3952<br><\/a>Fax: 613-525-3612<\/p>\n<\/div>\n<\/div>","protected":false},"excerpt":{"rendered":"<p>Bureau chef : 610 avenue McConnellCornwall, ON K6H 4M1T\u00e9l\u00e9phone :&nbsp;613-938-7112T\u00e9l\u00e9copieur : 613-938-8163Courriel :&nbsp;eps@equipepsychosociale.ca Bureau satellite : 110 rue MainAlexandria, ON K0C 1A0T\u00e9l\u00e9phone :\u00a0613-525-3952T\u00e9l\u00e9copieur : 613-525-3612<\/p>","protected":false},"author":1,"featured_media":0,"parent":206,"menu_order":0,"comment_status":"closed","ping_status":"closed","template":"","meta":{"_et_pb_use_builder":"off","_et_pb_old_content":"","_et_gb_content_width":"","footnotes":""},"class_list":["post-210","page","type-page","status-publish","hentry"],"_links":{"self":[{"href":"http:\/\/eps-sdg.ca\/en\/wp-json\/wp\/v2\/pages\/210","targetHints":{"allow":["GET"]}}],"collection":[{"href":"http:\/\/eps-sdg.ca\/en\/wp-json\/wp\/v2\/pages"}],"about":[{"href":"http:\/\/eps-sdg.ca\/en\/wp-json\/wp\/v2\/types\/page"}],"author":[{"embeddable":true,"href":"http:\/\/eps-sdg.ca\/en\/wp-json\/wp\/v2\/users\/1"}],"replies":[{"embeddable":true,"href":"http:\/\/eps-sdg.ca\/en\/wp-json\/wp\/v2\/comments?post=210"}],"version-history":[{"count":2,"href":"http:\/\/eps-sdg.ca\/en\/wp-json\/wp\/v2\/pages\/210\/revisions"}],"predecessor-version":[{"id":4348,"href":"http:\/\/eps-sdg.ca\/en\/wp-json\/wp\/v2\/pages\/210\/revisions\/4348"}],"up":[{"embeddable":true,"href":"http:\/\/eps-sdg.ca\/en\/wp-json\/wp\/v2\/pages\/206"}],"wp:attachment":[{"href":"http:\/\/eps-sdg.ca\/en\/wp-json\/wp\/v2\/media?parent=210"}],"curies":[{"name":"wp","href":"https:\/\/api.w.org\/{rel}","templated":true}]}}